{"id":11,"date":"2022-06-28T14:07:47","date_gmt":"2022-06-28T14:07:47","guid":{"rendered":"https:\/\/missmamawigs.com\/index.php\/shop\/"},"modified":"2022-09-28T06:45:04","modified_gmt":"2022-09-28T06:45:04","slug":"shop","status":"publish","type":"page","link":"https:\/\/missmamawigs.com\/de\/shop\/","title":{"rendered":"Shop"},"content":{"rendered":"","protected":false},"excerpt":{"rendered":"","protected":false},"author":1,"featured_media":0,"parent":0,"menu_order":0,"comment_status":"closed","ping_status":"closed","template":"","meta":{"_acf_changed":false,"_et_pb_use_builder":"on","_et_pb_old_content":"","_et_gb_content_width":"","_monsterinsights_skip_tracking":false,"_monsterinsights_sitenote_active":false,"_monsterinsights_sitenote_note":"","_monsterinsights_sitenote_category":0,"footnotes":""},"class_list":["post-11","page","type-page","status-publish","hentry"],"acf":[],"jetpack-related-posts":[{"id":1717,"url":"https:\/\/missmamawigs.com\/de\/ready-for-ship\/","url_meta":{"origin":11,"position":0},"title":"Versandfertig","author":"gamatech","date":"September 4, 2023","format":false,"excerpt":"","rel":"","context":"\u00c4hnlicher Beitrag","block_context":{"text":"\u00c4hnlicher Beitrag","link":""},"img":{"alt_text":"","src":"","width":0,"height":0},"classes":[]},{"id":43,"url":"https:\/\/missmamawigs.com\/de\/uber-uns\/","url_meta":{"origin":11,"position":1},"title":"\u00dcber uns","author":"gamatech","date":"Juli 8, 2022","format":false,"excerpt":"","rel":"","context":"\u00c4hnlicher Beitrag","block_context":{"text":"\u00c4hnlicher Beitrag","link":""},"img":{"alt_text":"","src":"","width":0,"height":0},"classes":[]},{"id":616,"url":"https:\/\/missmamawigs.com\/de\/how-to-measure-your-head\/","url_meta":{"origin":11,"position":2},"title":"So messen Sie Ihren Kopfumfang","author":"gamatech","date":"Juli 13, 2022","format":false,"excerpt":"","rel":"","context":"\u00c4hnlicher Beitrag","block_context":{"text":"\u00c4hnlicher Beitrag","link":""},"img":{"alt_text":"","src":"","width":0,"height":0},"classes":[]},{"id":15,"url":"https:\/\/missmamawigs.com\/de\/refund-policy\/","url_meta":{"origin":11,"position":3},"title":"R\u00fcckerstattungsrichtlinie","author":"gamatech","date":"Juli 14, 2025","format":false,"excerpt":"","rel":"","context":"\u00c4hnlicher Beitrag","block_context":{"text":"\u00c4hnlicher Beitrag","link":""},"img":{"alt_text":"","src":"","width":0,"height":0},"classes":[]},{"id":1358,"url":"https:\/\/missmamawigs.com\/de\/vat-relief\/","url_meta":{"origin":11,"position":4},"title":"Mehrwertsteuerbefreiung","author":"gamatech","date":"November 4, 2022","format":false,"excerpt":"","rel":"","context":"\u00c4hnlicher Beitrag","block_context":{"text":"\u00c4hnlicher Beitrag","link":""},"img":{"alt_text":"","src":"","width":0,"height":0},"classes":[]},{"id":1046,"url":"https:\/\/missmamawigs.com\/de\/","url_meta":{"origin":11,"position":5},"title":"Home","author":"gamatech","date":"Juli 29, 2022","format":false,"excerpt":"","rel":"","context":"\u00c4hnlicher Beitrag","block_context":{"text":"\u00c4hnlicher Beitrag","link":""},"img":{"alt_text":"","src":"","width":0,"height":0},"classes":[]}],"jetpack_sharing_enabled":true,"_links":{"self":[{"href":"https:\/\/missmamawigs.com\/de\/wp-json\/wp\/v2\/pages\/11","targetHints":{"allow":["GET"]}}],"collection":[{"href":"https:\/\/missmamawigs.com\/de\/wp-json\/wp\/v2\/pages"}],"about":[{"href":"https:\/\/missmamawigs.com\/de\/wp-json\/wp\/v2\/types\/page"}],"author":[{"embeddable":true,"href":"https:\/\/missmamawigs.com\/de\/wp-json\/wp\/v2\/users\/1"}],"replies":[{"embeddable":true,"href":"https:\/\/missmamawigs.com\/de\/wp-json\/wp\/v2\/comments?post=11"}],"version-history":[{"count":1,"href":"https:\/\/missmamawigs.com\/de\/wp-json\/wp\/v2\/pages\/11\/revisions"}],"predecessor-version":[{"id":1237,"href":"https:\/\/missmamawigs.com\/de\/wp-json\/wp\/v2\/pages\/11\/revisions\/1237"}],"wp:attachment":[{"href":"https:\/\/missmamawigs.com\/de\/wp-json\/wp\/v2\/media?parent=11"}],"curies":[{"name":"wp","href":"https:\/\/api.w.org\/{rel}","templated":true}]}}