{"id":1717,"date":"2023-09-04T20:12:10","date_gmt":"2023-09-04T20:12:10","guid":{"rendered":"https:\/\/missmamawigs.com\/?page_id=1717"},"modified":"2023-10-06T10:24:43","modified_gmt":"2023-10-06T10:24:43","slug":"ready-for-ship","status":"publish","type":"page","link":"https:\/\/missmamawigs.com\/de\/ready-for-ship\/","title":{"rendered":"Versandfertig"},"content":{"rendered":"<p>[et_pb_section fb_built=&#8221;1&#8243; _builder_version=&#8221;4.17.4&#8243; _module_preset=&#8221;default&#8221; background_color=&#8221;gcid-4ebcc4c3-0167-4535-a2b3-fd702b52ed71&#8243; global_colors_info=&#8221;{%22gcid-4ebcc4c3-0167-4535-a2b3-fd702b52ed71%22:%91%22background_color%22%93}&#8221;][et_pb_row _builder_version=&#8221;4.17.4&#8243; _module_preset=&#8221;default&#8221; custom_margin=&#8221;15vh||||false|false&#8221; global_colors_info=&#8221;{}&#8221;][et_pb_column type=&#8221;4_4&#8243; _builder_version=&#8221;4.17.4&#8243; _module_preset=&#8221;default&#8221; global_colors_info=&#8221;{}&#8221;][dipl_separator use_with=&#8221;text&#8221; separator_color=&#8221;gcid-ce2cae7c-578c-4edf-934f-0a952a6feedf&#8221; _builder_version=&#8221;4.22.1&#8243; _module_preset=&#8221;default&#8221; title_text_align=&#8221;center&#8221; body_text_align=&#8221;center&#8221; global_colors_info=&#8221;{%22gcid-ce2cae7c-578c-4edf-934f-0a952a6feedf%22:%91%22separator_color%22%93}&#8221;]<\/p>\n<h1>Versandfertig<\/h1>\n<p>[\/dipl_separator][et_pb_text _builder_version=&#8221;4.22.1&#8243; _module_preset=&#8221;default&#8221; text_font=&#8221;||||||||&#8221; text_text_color=&#8221;gcid-ce2cae7c-578c-4edf-934f-0a952a6feedf&#8221; text_orientation=&#8221;center&#8221; max_width=&#8221;800px&#8221; module_alignment=&#8221;center&#8221; custom_margin=&#8221;||1rem||false|false&#8221; hover_enabled=&#8221;0&#8243; global_colors_info=&#8221;{%22gcid-ce2cae7c-578c-4edf-934f-0a952a6feedf%22:%91%22text_text_color%22%93}&#8221; sticky_enabled=&#8221;0&#8243;]<\/p>\n<p><span>&#8220;<strong>Versandfertig<\/strong>\" Per\u00fcckenbestellungen werden am selben Tag wie der Kauf versendet.\nWenn Sie die gew\u00fcnschte Per\u00fccke nicht in unserem aktuellen Angebot finden, senden Sie uns bitte eine E-Mail mit einer Sonderanfrage oder besuchen Sie unsere <a href=\"https:\/\/missmamawigs.com\/de\/shop\/\" title=\"Shop-Seite\" class=\"cs-main-link\">Shop-Seite<\/a>. Wir werden unser Bestes tun, um Ihre W\u00fcnsche zu erf\u00fcllen.\nF\u00fcr Sonderanfertigungen f\u00fcgen Sie bitte ein Bild des gew\u00fcnschten Stils bei und geben Sie die gew\u00fcnschte L\u00e4nge an.<\/span><\/p>\n<p>[\/et_pb_text][et_pb_text _builder_version=&#8221;4.22.1&#8243; _module_preset=&#8221;default&#8221; text_font=&#8221;||||||||&#8221; text_text_color=&#8221;gcid-ce2cae7c-578c-4edf-934f-0a952a6feedf&#8221; text_orientation=&#8221;center&#8221; max_width=&#8221;800px&#8221; module_alignment=&#8221;center&#8221; global_module=&#8221;991&#8243; saved_tabs=&#8221;all&#8221; global_colors_info=&#8221;{%22gcid-ce2cae7c-578c-4edf-934f-0a952a6feedf%22:%91%22table_header_text_color%22,%22button_bg_color%22,%22button_text_color__hover%22,%22button_border_color%22,%22text_text_color%22%93,%22gcid-fc149eda-5efe-4f6f-9cff-5836ede9e74f%22:%91%22button_text_color%22%93,%22gcid-beaf7894-3477-417d-a21d-19c38af28ccf%22:%91%22button_bg_color__hover%22%93}&#8221;]<\/p>\n<p>Wenn Sie Anspruch auf Mehrwertsteuerbefreiung haben, f\u00fcllen Sie bitte <a id=\"vat-form\" class=\"cs-main-link\" href=\"https:\/\/missmamawigs.com\/wp-content\/uploads\/2022\/07\/VAT-Exemption-form.pdf\" download=\"\">dieses Formular<\/a> aus und senden Sie es an <a class=\"cs-main-link\" href=\"mailto:contact@missmamawigs.com\">contact@missmamawigs.com<\/a>. Bitte klicken Sie <a class=\"cs-main-link\" href=\"https:\/\/missmamawigs.com\/de\/vat-relief\/\">hier<\/a> , um wichtige Informationen zur Mehrwertsteuerbefreiung zu lesen, bevor Sie einen Antrag stellen.<\/p>\n<p>[\/et_pb_text][dipl_separator seprator_thickness=&#8221;1px&#8221; separator_color=&#8221;rgba(0,0,0,0.3)&#8221; _builder_version=&#8221;4.17.4&#8243; _module_preset=&#8221;default&#8221; global_colors_info=&#8221;{}&#8221;][\/dipl_separator][et_pb_db_shop_loop loop_layout=&#8221;153&#8243; custom_tax_choose=&#8221;product_cat&#8221; include_taxomony=&#8221;ready_for_ship&#8221; columns=&#8221;4&#8243; columns_mobile=&#8221;2&#8243; module_class=&#8221;cs-no-products-found&#8221; _builder_version=&#8221;4.22.1&#8243; _module_preset=&#8221;default&#8221; global_colors_info=&#8221;{}&#8221;][\/et_pb_db_shop_loop][\/et_pb_column][\/et_pb_row][\/et_pb_section]<\/p>","protected":false},"excerpt":{"rendered":"<p><div class=\"et_pb_module dipl_separator dipl_separator_0\">\n\t\t\t\t\n\t\t\t\t\n\t\t\t\t\n\t\t\t\t\n\t\t\t\t\n\t\t\t\t\n\t\t\t\t<div class=\"et_pb_module_inner\">\n\t\t\t\t\t<div class=\"dipl_separator_container align_center\">\n\t\t\t\t\t\t\t\t\t<div class=\"dipl_line dipl_line_before\"><\/div>\n\t\t\t\t\t\t\t\t\t\t<div class=\"dipl-text-wrapper\">Versandfertig<\/div>\n\t\t\t\t\t\t\t\t\t\t\n\t\t\t\t\t\t\t\t\t\t\n\t\t\t\t\t\t\t\t\t<div class=\"dipl_line dipl_line_after\"><\/div>\n\t\t\t\t\t\t\t\t<\/div>\n\t\t\t\t<\/div>\n\t\t\t<\/div>&#8220;Ready to ship&#8221; wig orders will be dispatched same day as purchase your order. If you don&#8217;t find the wig you&#8217;re looking for among our available stock, please email us with a custom request or visit our shop page. We&#8217;ll do our best to accommodate your [&hellip;]<\/p>","protected":false},"author":1,"featured_media":0,"parent":0,"menu_order":0,"comment_status":"closed","ping_status":"closed","template":"","meta":{"_acf_changed":false,"_et_pb_use_builder":"on","_et_pb_old_content":"","_et_gb_content_width":"","_monsterinsights_skip_tracking":false,"_monsterinsights_sitenote_active":false,"_monsterinsights_sitenote_note":"","_monsterinsights_sitenote_category":0,"footnotes":""},"class_list":["post-1717","page","type-page","status-publish","hentry"],"acf":[],"_links":{"self":[{"href":"https:\/\/missmamawigs.com\/de\/wp-json\/wp\/v2\/pages\/1717","targetHints":{"allow":["GET"]}}],"collection":[{"href":"https:\/\/missmamawigs.com\/de\/wp-json\/wp\/v2\/pages"}],"about":[{"href":"https:\/\/missmamawigs.com\/de\/wp-json\/wp\/v2\/types\/page"}],"author":[{"embeddable":true,"href":"https:\/\/missmamawigs.com\/de\/wp-json\/wp\/v2\/users\/1"}],"replies":[{"embeddable":true,"href":"https:\/\/missmamawigs.com\/de\/wp-json\/wp\/v2\/comments?post=1717"}],"version-history":[{"count":12,"href":"https:\/\/missmamawigs.com\/de\/wp-json\/wp\/v2\/pages\/1717\/revisions"}],"predecessor-version":[{"id":1927,"href":"https:\/\/missmamawigs.com\/de\/wp-json\/wp\/v2\/pages\/1717\/revisions\/1927"}],"wp:attachment":[{"href":"https:\/\/missmamawigs.com\/de\/wp-json\/wp\/v2\/media?parent=1717"}],"curies":[{"name":"wp","href":"https:\/\/api.w.org\/{rel}","templated":true}]}}