{"id":3836,"date":"2025-07-14T07:52:35","date_gmt":"2025-07-14T07:52:35","guid":{"rendered":"https:\/\/missmamawigs.com\/?page_id=3836"},"modified":"2025-07-14T12:39:40","modified_gmt":"2025-07-14T12:39:40","slug":"terms-and-conditions","status":"publish","type":"page","link":"https:\/\/missmamawigs.com\/de\/terms-and-conditions\/","title":{"rendered":"Terms and Conditions"},"content":{"rendered":"<p>[et_pb_section fb_built=&#8221;1&#8243; module_class=&#8221;cs-hero&#8221; _builder_version=&#8221;4.17.4&#8243; _module_preset=&#8221;default&#8221; background_color=&#8221;gcid-4ebcc4c3-0167-4535-a2b3-fd702b52ed71&#8243; custom_margin=&#8221;||0px||false|false&#8221; custom_padding=&#8221;||0px||false|false&#8221; global_colors_info=&#8221;{%22gcid-4ebcc4c3-0167-4535-a2b3-fd702b52ed71%22:%91%22background_color%22%93}&#8221;][et_pb_row admin_label=&#8221;Heading Row&#8221; _builder_version=&#8221;4.17.4&#8243; _module_preset=&#8221;default&#8221; background_color=&#8221;gcid-beaf7894-3477-417d-a21d-19c38af28ccf&#8221; width=&#8221;100%&#8221; max_width=&#8221;100vw&#8221; custom_margin=&#8221;15vh||||false|false&#8221; global_colors_info=&#8221;{%22gcid-beaf7894-3477-417d-a21d-19c38af28ccf%22:%91%22background_color%22%93}&#8221;][et_pb_column type=&#8221;4_4&#8243; _builder_version=&#8221;4.17.4&#8243; _module_preset=&#8221;default&#8221; global_colors_info=&#8221;{}&#8221;][et_pb_text _builder_version=&#8221;4.27.4&#8243; _module_preset=&#8221;default&#8221; header_font=&#8221;||||||||&#8221; header_text_align=&#8221;center&#8221; max_width=&#8221;80%&#8221; module_alignment=&#8221;center&#8221; header_font_size_tablet=&#8221;&#8221; header_font_size_phone=&#8221;48px&#8221; header_font_size_last_edited=&#8221;on|phone&#8221; global_colors_info=&#8221;{}&#8221;]<\/p>\n<h1>Allgemeine Gesch\u00e4ftsbedingungen<\/h1>\n<p>[\/et_pb_text][\/et_pb_column][\/et_pb_row][et_pb_row _builder_version=&#8221;4.17.4&#8243; _module_preset=&#8221;default&#8221; custom_margin=&#8221;0px||||false|false&#8221; custom_margin_tablet=&#8221;15vh||||false|false&#8221; custom_margin_phone=&#8221;10vh||||false|false&#8221; custom_margin_last_edited=&#8221;on|phone&#8221; global_colors_info=&#8221;{}&#8221;][et_pb_column type=&#8221;4_4&#8243; _builder_version=&#8221;4.17.4&#8243; _module_preset=&#8221;default&#8221; global_colors_info=&#8221;{}&#8221;][et_pb_text _builder_version=&#8221;4.27.4&#8243; _module_preset=&#8221;default&#8221; text_orientation=&#8221;center&#8221; max_width=&#8221;800px&#8221; module_alignment=&#8221;center&#8221; global_colors_info=&#8221;{}&#8221;]<\/p>\n<p data-start=\"149\" data-end=\"186\" class=\"translation-block\"><span class=\"relative -mx-px my-[-0.2rem] rounded px-px py-[0.2rem] transition-colors duration-100 ease-in-out\">  \nMit dem Zugriff auf diese Website oder dem Kauf auf dieser Website erkl\u00e4ren Sie sich damit einverstanden, an diese <em>Allgemeinen Gesch\u00e4ftsbedingungen<\/em> gebunden zu sein. Dieses Dokument definiert die Regeln f\u00fcr die Nutzung unserer Seite, das T\u00e4tigen von K\u00e4ufen und wie wir Sie \u2013 unsere gesch\u00e4tzte Kundin \u2013 sowie uns sch\u00fctzen. Bitte lesen Sie alles sorgf\u00e4ltig durch, bevor Sie fortfahren oder eine Bestellung aufgeben. Sollte es einen Widerspruch zwischen diesen Bedingungen und einer anderen Richtlinie geben (z.\u202fB. <a href=\"https:\/\/missmamawigs.com\/de\/refund-policy\/\" target=\"_self\">R\u00fcckgaberecht<\/a>, <a href=\"https:\/\/missmamawigs.com\/de\/privacy-policy\/\" target=\"_self\">Datenschutzrichtlinie<\/a>), haben die hier genannten Bedingungen Vorrang, sofern nicht ausdr\u00fccklich anders angegeben.  \n<\/span><\/p>\n<p>[\/et_pb_text][\/et_pb_column][\/et_pb_row][et_pb_row module_class=&#8221;cs-product-global-carousel&#8221; _builder_version=&#8221;4.17.4&#8243; _module_preset=&#8221;default&#8221; global_colors_info=&#8221;{}&#8221;][et_pb_column type=&#8221;4_4&#8243; _builder_version=&#8221;4.17.4&#8243; _module_preset=&#8221;default&#8221; global_colors_info=&#8221;{}&#8221;][dipl_separator use_with=&#8221;text&#8221; seprator_thickness=&#8221;1px&#8221; separator_color=&#8221;gcid-ce2cae7c-578c-4edf-934f-0a952a6feedf&#8221; _builder_version=&#8221;4.27.4&#8243; _module_preset=&#8221;default&#8221; title_level=&#8221;h2&#8243; title_font_size=&#8221;48px&#8221; body_text_align=&#8221;center&#8221; title_font_size_tablet=&#8221;48px&#8221; title_font_size_phone=&#8221;32px&#8221; title_font_size_last_edited=&#8221;on|phone&#8221; global_colors_info=&#8221;{%22gcid-ce2cae7c-578c-4edf-934f-0a952a6feedf%22:%91%22separator_color%22%93}&#8221;]<\/p>\n<h2>Unternehmensinformationen<\/h2>\n<p>[\/dipl_separator][et_pb_text _builder_version=&#8221;4.27.4&#8243; _module_preset=&#8221;default&#8221; text_orientation=&#8221;center&#8221; max_width=&#8221;800px&#8221; module_alignment=&#8221;center&#8221; hover_enabled=&#8221;0&#8243; global_colors_info=&#8221;{}&#8221; sticky_enabled=&#8221;0&#8243;]<\/p>\n<p class=\"translation-block\"><strong data-start=\"2616\" data-end=\"2634\">Miss Mama Wigs<\/strong> (\u201ewir\u201c, \u201euns\u201c) hat seinen Sitz in Gro\u00dfbritannien. USt-IdNr.: <strong data-start=\"2673\" data-end=\"2688\">GB441 2773 08<\/strong><br data-start=\"2688\" data-end=\"2691\">Kontaktieren Sie uns unter <strong data-start=\"2705\" data-end=\"2733\"><a data-start=\"2707\" data-end=\"2731\" href=\"mailto:contact@missmamawigs.com\" target=\"_self\">contact@missmamawigs.com<\/a><\/strong>.<\/p>\n<p>[\/et_pb_text][\/et_pb_column][\/et_pb_row][et_pb_row module_class=&#8221;cs-product-global-carousel&#8221; _builder_version=&#8221;4.17.4&#8243; _module_preset=&#8221;default&#8221; global_colors_info=&#8221;{}&#8221;][et_pb_column type=&#8221;4_4&#8243; _builder_version=&#8221;4.17.4&#8243; _module_preset=&#8221;default&#8221; global_colors_info=&#8221;{}&#8221;][dipl_separator use_with=&#8221;text&#8221; seprator_thickness=&#8221;1px&#8221; separator_color=&#8221;gcid-ce2cae7c-578c-4edf-934f-0a952a6feedf&#8221; _builder_version=&#8221;4.27.4&#8243; _module_preset=&#8221;default&#8221; title_level=&#8221;h2&#8243; title_font_size=&#8221;48px&#8221; body_text_align=&#8221;center&#8221; title_font_size_tablet=&#8221;48px&#8221; title_font_size_phone=&#8221;32px&#8221; title_font_size_last_edited=&#8221;on|phone&#8221; global_colors_info=&#8221;{%22gcid-ce2cae7c-578c-4edf-934f-0a952a6feedf%22:%91%22separator_color%22%93}&#8221;]<\/p>\n<h3 class=\"font_3\">Bestellungen &amp; Zahlung<\/h3>\n<p>[\/dipl_separator][et_pb_text _builder_version=&#8221;4.27.4&#8243; _module_preset=&#8221;default&#8221; text_orientation=&#8221;center&#8221; max_width=&#8221;800px&#8221; module_alignment=&#8221;center&#8221; global_colors_info=&#8221;{}&#8221;]<\/p>\n<p data-start=\"1892\" data-end=\"1933\">Bestellungen sind best\u00e4tigt, sobald Sie eine Bestellbest\u00e4tigung per E-Mail erhalten. Preise und Lagerbest\u00e4nde k\u00f6nnen sich \u00e4ndern. Wir behalten uns das Recht vor, Bestellungen abzulehnen oder zu stornieren.<\/p>\n<p>[\/et_pb_text][\/et_pb_column][\/et_pb_row][et_pb_row module_class=&#8221;cs-product-global-carousel&#8221; _builder_version=&#8221;4.17.4&#8243; _module_preset=&#8221;default&#8221; global_colors_info=&#8221;{}&#8221;][et_pb_column type=&#8221;4_4&#8243; _builder_version=&#8221;4.17.4&#8243; _module_preset=&#8221;default&#8221; global_colors_info=&#8221;{}&#8221;][dipl_separator use_with=&#8221;text&#8221; seprator_thickness=&#8221;1px&#8221; separator_color=&#8221;gcid-ce2cae7c-578c-4edf-934f-0a952a6feedf&#8221; _builder_version=&#8221;4.27.4&#8243; _module_preset=&#8221;default&#8221; title_level=&#8221;h2&#8243; title_font_size=&#8221;48px&#8221; body_text_align=&#8221;center&#8221; title_font_size_tablet=&#8221;48px&#8221; title_font_size_phone=&#8221;32px&#8221; title_font_size_last_edited=&#8221;on|phone&#8221; global_colors_info=&#8221;{%22gcid-ce2cae7c-578c-4edf-934f-0a952a6feedf%22:%91%22separator_color%22%93}&#8221;]<\/p>\n<h3 class=\"font_3\">Versand &amp; Lieferung<\/h3>\n<p>[\/dipl_separator][et_pb_text _builder_version=&#8221;4.27.4&#8243; _module_preset=&#8221;default&#8221; text_orientation=&#8221;center&#8221; max_width=&#8221;800px&#8221; module_alignment=&#8221;center&#8221; global_colors_info=&#8221;{}&#8221;]<\/p>\n<p class=\"font_8 translation-block\">Sofort versandfertige Per\u00fccken werden am Tag des Kaufs verschickt. Alle anderen ma\u00dfgefertigten Per\u00fccken werden innerhalb von <strong>3-4 Wochen<\/strong> nach dem Kauf versandt. Falls Sie eine Per\u00fccke nicht unter den aufgef\u00fchrten Produkten finden, senden Sie uns bitte eine individuelle Anfrage per E-Mail, und wir fertigen die Per\u00fccke f\u00fcr Sie an. Bitte f\u00fcgen Sie Ihrer E-Mail ein Bild des gew\u00fcnschten Stils bei und beschreiben Sie die L\u00e4nge.<\/p>\n<p>[\/et_pb_text][\/et_pb_column][\/et_pb_row][et_pb_row module_class=&#8221;cs-product-global-carousel&#8221; _builder_version=&#8221;4.17.4&#8243; _module_preset=&#8221;default&#8221; global_colors_info=&#8221;{}&#8221;][et_pb_column type=&#8221;4_4&#8243; _builder_version=&#8221;4.17.4&#8243; _module_preset=&#8221;default&#8221; global_colors_info=&#8221;{}&#8221;][dipl_separator use_with=&#8221;text&#8221; seprator_thickness=&#8221;1px&#8221; separator_color=&#8221;gcid-ce2cae7c-578c-4edf-934f-0a952a6feedf&#8221; _builder_version=&#8221;4.27.4&#8243; _module_preset=&#8221;default&#8221; title_level=&#8221;h2&#8243; title_font_size=&#8221;48px&#8221; body_text_align=&#8221;center&#8221; title_font_size_tablet=&#8221;48px&#8221; title_font_size_phone=&#8221;32px&#8221; title_font_size_last_edited=&#8221;on|phone&#8221; global_colors_info=&#8221;{%22gcid-ce2cae7c-578c-4edf-934f-0a952a6feedf%22:%91%22separator_color%22%93}&#8221;]<\/p>\n<h3 class=\"font_3\">Mehrwertsteuerbefreiung<\/h3>\n<p>[\/dipl_separator][et_pb_text _builder_version=&#8221;4.27.4&#8243; _module_preset=&#8221;default&#8221; text_orientation=&#8221;center&#8221; max_width=&#8221;800px&#8221; module_alignment=&#8221;center&#8221; global_colors_info=&#8221;{}&#8221;]<\/p>\n<p class=\"font_8 translation-block\"><span>Sie k\u00f6nnen die <\/span><strong>Mehrwertsteuer<\/strong><span> auf Ihren Per\u00fcckenkauf (derzeit 20%) <\/span><strong>zur\u00fcckfordern<\/strong><span>, wenn Sie an Alopezie leiden, eine Chemotherapie erhalten, chronisch krank sind oder eine andere Behinderung haben und im Vereinigten K\u00f6nigreich ans\u00e4ssig sind. <\/span><strong>Die Mehrwertsteuerbefreiung<\/strong><span> kann bei mehreren Per\u00fcckenk\u00e4ufen angewendet werden. Wenn Sie z.B. 2 Per\u00fccken gekauft haben, k\u00f6nnen Sie die Mehrwertsteuer f\u00fcr beide zur\u00fcckfordern und m\u00fcssten zwei Formulare ausf\u00fcllen und zur\u00fccksenden. Sie m\u00fcssen das Formular innerhalb von <\/span><strong>7 Tagen<\/strong><span> nach dem Kauf Ihrer Per\u00fccke(n) ausf\u00fcllen und zur\u00fccksenden.<\/span><span><\/span><\/p>\n<p class=\"translation-block\">Die Mehrwertsteuerbefreiung ist<span> <\/span><strong>NUR<\/strong><span> <\/span>f\u00fcr Einwohner des<span> <\/span><strong>Vereinigten K\u00f6nigreichs<\/strong><span> <\/span>verf\u00fcgbar. Es ist illegal, eine falsche Angabe zu machen, achten Sie daher bitte darauf, wenn Sie das Formular ausf\u00fcllen und die Mehrwertsteuerbefreiung beantragen.<\/p>\n<p class=\"translation-block\">Wenn Sie Fragen haben, k\u00f6nnen Sie sich auf der HMRC-Website oder telefonisch unter<span> <\/span><a class=\"cs-main-link\" href=\"https:\/\/missmamawigs.com\/de\/vat-relief\/tel+4403001231073\/\" target=\"_self\">0300 123 1073<\/a><span> <\/span>beraten lassen oder Ihren Hausarzt konsultieren.<\/p>\n<p>[\/et_pb_text][\/et_pb_column][\/et_pb_row][et_pb_row module_class=&#8221;cs-product-global-carousel&#8221; _builder_version=&#8221;4.17.4&#8243; _module_preset=&#8221;default&#8221; global_colors_info=&#8221;{}&#8221;][et_pb_column type=&#8221;4_4&#8243; _builder_version=&#8221;4.17.4&#8243; _module_preset=&#8221;default&#8221; global_colors_info=&#8221;{}&#8221;][dipl_separator use_with=&#8221;text&#8221; seprator_thickness=&#8221;1px&#8221; separator_color=&#8221;gcid-ce2cae7c-578c-4edf-934f-0a952a6feedf&#8221; _builder_version=&#8221;4.27.4&#8243; _module_preset=&#8221;default&#8221; title_level=&#8221;h2&#8243; title_font_size=&#8221;48px&#8221; body_text_align=&#8221;center&#8221; title_font_size_tablet=&#8221;48px&#8221; title_font_size_phone=&#8221;32px&#8221; title_font_size_last_edited=&#8221;on|phone&#8221; global_colors_info=&#8221;{%22gcid-ce2cae7c-578c-4edf-934f-0a952a6feedf%22:%91%22separator_color%22%93}&#8221;]<\/p>\n<h3 class=\"font_3\">R\u00fccksendungen &amp; R\u00fcckerstattungen<\/h3>\n<p>[\/dipl_separator][et_pb_text _builder_version=&#8221;4.27.4&#8243; _module_preset=&#8221;default&#8221; text_orientation=&#8221;center&#8221; max_width=&#8221;800px&#8221; module_alignment=&#8221;center&#8221; global_colors_info=&#8221;{}&#8221;]<\/p>\n<p class=\"font_8 translation-block\">Einzelheiten entnehmen Sie bitte unserer <strong data-start=\"3451\" data-end=\"3487\"><a data-start=\"3453\" data-end=\"3485\" href=\"https:\/\/missmamawigs.com\/de\/refund-policy\/\" target=\"_self\">R\u00fcckerstattungsrichtlinie<\/a><\/strong>.<\/p>\n<p>[\/et_pb_text][\/et_pb_column][\/et_pb_row][et_pb_row module_class=&#8221;cs-product-global-carousel&#8221; _builder_version=&#8221;4.17.4&#8243; _module_preset=&#8221;default&#8221; global_colors_info=&#8221;{}&#8221;][et_pb_column type=&#8221;4_4&#8243; _builder_version=&#8221;4.17.4&#8243; _module_preset=&#8221;default&#8221; global_colors_info=&#8221;{}&#8221;][dipl_separator use_with=&#8221;text&#8221; seprator_thickness=&#8221;1px&#8221; separator_color=&#8221;gcid-ce2cae7c-578c-4edf-934f-0a952a6feedf&#8221; _builder_version=&#8221;4.27.4&#8243; _module_preset=&#8221;default&#8221; title_level=&#8221;h2&#8243; title_font_size=&#8221;48px&#8221; body_text_align=&#8221;center&#8221; title_font_size_tablet=&#8221;48px&#8221; title_font_size_phone=&#8221;32px&#8221; title_font_size_last_edited=&#8221;on|phone&#8221; global_colors_info=&#8221;{%22gcid-ce2cae7c-578c-4edf-934f-0a952a6feedf%22:%91%22separator_color%22%93}&#8221;]<\/p>\n<h3 class=\"font_3\">Geistiges Eigentum<\/h3>\n<p>[\/dipl_separator][et_pb_text _builder_version=&#8221;4.27.4&#8243; _module_preset=&#8221;default&#8221; text_orientation=&#8221;center&#8221; max_width=&#8221;800px&#8221; module_alignment=&#8221;center&#8221; global_colors_info=&#8221;{}&#8221;]<\/p>\n<p class=\"font_8\">Alle Inhalte auf dieser Website (Texte, Bilder, Videos, Logos) sind Eigentum von Miss Mama Wigs oder lizenziert. Die Nutzung ohne Genehmigung ist untersagt.<\/p>\n<p>[\/et_pb_text][\/et_pb_column][\/et_pb_row][et_pb_row module_class=&#8221;cs-product-global-carousel&#8221; _builder_version=&#8221;4.17.4&#8243; _module_preset=&#8221;default&#8221; global_colors_info=&#8221;{}&#8221;][et_pb_column type=&#8221;4_4&#8243; _builder_version=&#8221;4.17.4&#8243; _module_preset=&#8221;default&#8221; global_colors_info=&#8221;{}&#8221;][dipl_separator use_with=&#8221;text&#8221; seprator_thickness=&#8221;1px&#8221; separator_color=&#8221;gcid-ce2cae7c-578c-4edf-934f-0a952a6feedf&#8221; _builder_version=&#8221;4.27.4&#8243; _module_preset=&#8221;default&#8221; title_level=&#8221;h2&#8243; title_font_size=&#8221;48px&#8221; body_text_align=&#8221;center&#8221; title_font_size_tablet=&#8221;48px&#8221; title_font_size_phone=&#8221;32px&#8221; title_font_size_last_edited=&#8221;on|phone&#8221; global_colors_info=&#8221;{%22gcid-ce2cae7c-578c-4edf-934f-0a952a6feedf%22:%91%22separator_color%22%93}&#8221;]<\/p>\n<h3 class=\"font_3\">Haftungsausschluss &amp; Haftung<\/h3>\n<p>[\/dipl_separator][et_pb_text _builder_version=&#8221;4.27.4&#8243; _module_preset=&#8221;default&#8221; text_orientation=&#8221;center&#8221; max_width=&#8221;800px&#8221; module_alignment=&#8221;center&#8221; global_colors_info=&#8221;{}&#8221;]<\/p>\n<p class=\"font_8\">Produkte werden \u201ewie besehen\u201c geliefert. Wir \u00fcbernehmen keine Haftung f\u00fcr indirekte oder Folgesch\u00e4den. Unsere Gesamthaftung ist auf den Kaufpreis des Artikels\/der Artikel begrenzt.<\/p>\n<p>[\/et_pb_text][\/et_pb_column][\/et_pb_row][et_pb_row module_class=&#8221;cs-product-global-carousel&#8221; _builder_version=&#8221;4.17.4&#8243; _module_preset=&#8221;default&#8221; global_colors_info=&#8221;{}&#8221;][et_pb_column type=&#8221;4_4&#8243; _builder_version=&#8221;4.17.4&#8243; _module_preset=&#8221;default&#8221; global_colors_info=&#8221;{}&#8221;][dipl_separator use_with=&#8221;text&#8221; seprator_thickness=&#8221;1px&#8221; separator_color=&#8221;gcid-ce2cae7c-578c-4edf-934f-0a952a6feedf&#8221; _builder_version=&#8221;4.27.4&#8243; _module_preset=&#8221;default&#8221; title_level=&#8221;h2&#8243; title_font_size=&#8221;48px&#8221; body_text_align=&#8221;center&#8221; title_font_size_tablet=&#8221;48px&#8221; title_font_size_phone=&#8221;32px&#8221; title_font_size_last_edited=&#8221;on|phone&#8221; global_colors_info=&#8221;{%22gcid-ce2cae7c-578c-4edf-934f-0a952a6feedf%22:%91%22separator_color%22%93}&#8221;]<\/p>\n<h3 class=\"font_3\">Datenschutz<\/h3>\n<p>[\/dipl_separator][et_pb_text _builder_version=&#8221;4.27.4&#8243; _module_preset=&#8221;default&#8221; text_orientation=&#8221;center&#8221; max_width=&#8221;800px&#8221; module_alignment=&#8221;center&#8221; global_colors_info=&#8221;{}&#8221;]<\/p>\n<p class=\"font_8 translation-block\">Ihre Informationen sind gem\u00e4\u00df unserer <strong data-start=\"3922\" data-end=\"3960\"><a data-start=\"3924\" data-end=\"3958\" href=\"https:\/\/missmamawigs.com\/de\/privacy-policy\/\" target=\"_self\">Datenschutzrichtlinie<\/a><\/strong> gesch\u00fctzt. Durch die Nutzung der Website oder einen Kauf best\u00e4tigen Sie die Annahme unserer Datenschutzpraktiken.<\/p>\n<p>[\/et_pb_text][\/et_pb_column][\/et_pb_row][et_pb_row module_class=&#8221;cs-product-global-carousel&#8221; _builder_version=&#8221;4.17.4&#8243; _module_preset=&#8221;default&#8221; global_colors_info=&#8221;{}&#8221;][et_pb_column type=&#8221;4_4&#8243; _builder_version=&#8221;4.17.4&#8243; _module_preset=&#8221;default&#8221; global_colors_info=&#8221;{}&#8221;][dipl_separator use_with=&#8221;text&#8221; seprator_thickness=&#8221;1px&#8221; separator_color=&#8221;gcid-ce2cae7c-578c-4edf-934f-0a952a6feedf&#8221; _builder_version=&#8221;4.27.4&#8243; _module_preset=&#8221;default&#8221; title_level=&#8221;h2&#8243; title_font_size=&#8221;48px&#8221; body_text_align=&#8221;center&#8221; title_font_size_tablet=&#8221;48px&#8221; title_font_size_phone=&#8221;32px&#8221; title_font_size_last_edited=&#8221;on|phone&#8221; global_colors_info=&#8221;{%22gcid-ce2cae7c-578c-4edf-934f-0a952a6feedf%22:%91%22separator_color%22%93}&#8221;]<\/p>\n<h3 class=\"font_3\">\u00c4nderungen dieser Bedingungen<\/h3>\n<p>[\/dipl_separator][et_pb_text _builder_version=&#8221;4.27.4&#8243; _module_preset=&#8221;default&#8221; text_orientation=&#8221;center&#8221; max_width=&#8221;800px&#8221; module_alignment=&#8221;center&#8221; global_colors_info=&#8221;{}&#8221;]<\/p>\n<p class=\"font_8\">Wir k\u00f6nnen dieses Dokument jederzeit aktualisieren \u2013 \u00c4nderungen treten sofort nach Ver\u00f6ffentlichung in Kraft. Bitte \u00fcberpr\u00fcfen Sie regelm\u00e4\u00dfig.<\/p>\n<p>[\/et_pb_text][\/et_pb_column][\/et_pb_row][et_pb_row module_class=&#8221;cs-product-global-carousel&#8221; _builder_version=&#8221;4.17.4&#8243; _module_preset=&#8221;default&#8221; global_colors_info=&#8221;{}&#8221;][et_pb_column type=&#8221;4_4&#8243; _builder_version=&#8221;4.17.4&#8243; _module_preset=&#8221;default&#8221; global_colors_info=&#8221;{}&#8221;][dipl_separator use_with=&#8221;text&#8221; seprator_thickness=&#8221;1px&#8221; separator_color=&#8221;gcid-ce2cae7c-578c-4edf-934f-0a952a6feedf&#8221; _builder_version=&#8221;4.27.4&#8243; _module_preset=&#8221;default&#8221; title_level=&#8221;h2&#8243; title_font_size=&#8221;48px&#8221; body_text_align=&#8221;center&#8221; title_font_size_tablet=&#8221;48px&#8221; title_font_size_phone=&#8221;32px&#8221; title_font_size_last_edited=&#8221;on|phone&#8221; global_colors_info=&#8221;{%22gcid-ce2cae7c-578c-4edf-934f-0a952a6feedf%22:%91%22separator_color%22%93}&#8221;]<\/p>\n<h3 class=\"font_3\">Geltendes Recht<\/h3>\n<p>[\/dipl_separator][et_pb_text _builder_version=&#8221;4.27.4&#8243; _module_preset=&#8221;default&#8221; text_orientation=&#8221;center&#8221; max_width=&#8221;800px&#8221; module_alignment=&#8221;center&#8221; global_colors_info=&#8221;{}&#8221;]<\/p>\n<p class=\"font_8 translation-block\">Diese Bedingungen unterliegen <strong data-start=\"4256\" data-end=\"4271\">englischem Recht<\/strong>, und Streitigkeiten unterliegen der Gerichtsbarkeit der Gerichte von England &amp; Wales.<\/p>\n<p>[\/et_pb_text][\/et_pb_column][\/et_pb_row][et_pb_row module_class=&#8221;cs-product-global-carousel&#8221; _builder_version=&#8221;4.17.4&#8243; _module_preset=&#8221;default&#8221; global_colors_info=&#8221;{}&#8221;][et_pb_column type=&#8221;4_4&#8243; _builder_version=&#8221;4.17.4&#8243; _module_preset=&#8221;default&#8221; global_colors_info=&#8221;{}&#8221;][dipl_separator use_with=&#8221;text&#8221; seprator_thickness=&#8221;1px&#8221; separator_color=&#8221;gcid-ce2cae7c-578c-4edf-934f-0a952a6feedf&#8221; _builder_version=&#8221;4.27.4&#8243; _module_preset=&#8221;default&#8221; title_level=&#8221;h2&#8243; title_font_size=&#8221;48px&#8221; body_text_align=&#8221;center&#8221; title_font_size_tablet=&#8221;48px&#8221; title_font_size_phone=&#8221;32px&#8221; title_font_size_last_edited=&#8221;on|phone&#8221; global_colors_info=&#8221;{%22gcid-ce2cae7c-578c-4edf-934f-0a952a6feedf%22:%91%22separator_color%22%93}&#8221;]<\/p>\n<h3 class=\"font_3\">Kontaktieren Sie uns<\/h3>\n<p>[\/dipl_separator][et_pb_text _builder_version=&#8221;4.27.4&#8243; _module_preset=&#8221;default&#8221; text_orientation=&#8221;center&#8221; max_width=&#8221;800px&#8221; module_alignment=&#8221;center&#8221; global_colors_info=&#8221;{}&#8221;]<\/p>\n<p class=\"font_8 translation-block\">Bei Fragen senden Sie bitte eine E-Mail an <strong data-start=\"4403\" data-end=\"4431\"><a data-start=\"4405\" data-end=\"4429\" href=\"mailto:contact@missmamawigs.com\" target=\"_self\">contact@missmamawigs.com<\/a><\/strong>.<\/p>\n<p>[\/et_pb_text][\/et_pb_column][\/et_pb_row][et_pb_row module_class=&#8221;cs-product-global-carousel&#8221; _builder_version=&#8221;4.17.4&#8243; _module_preset=&#8221;default&#8221; global_colors_info=&#8221;{}&#8221;][et_pb_column type=&#8221;4_4&#8243; _builder_version=&#8221;4.17.4&#8243; _module_preset=&#8221;default&#8221; global_colors_info=&#8221;{}&#8221;][dipl_separator use_with=&#8221;text&#8221; seprator_thickness=&#8221;1px&#8221; separator_color=&#8221;gcid-ce2cae7c-578c-4edf-934f-0a952a6feedf&#8221; _builder_version=&#8221;4.17.4&#8243; _module_preset=&#8221;default&#8221; title_level=&#8221;h2&#8243; title_font_size=&#8221;48px&#8221; body_text_align=&#8221;center&#8221; title_font_size_tablet=&#8221;48px&#8221; title_font_size_phone=&#8221;32px&#8221; title_font_size_last_edited=&#8221;on|phone&#8221; global_colors_info=&#8221;{%22gcid-ce2cae7c-578c-4edf-934f-0a952a6feedf%22:%91%22separator_color%22%93}&#8221;]<\/p>\n<h2>Beliebteste Produkte<\/h2>\n<p>[\/dipl_separator][et_pb_de_mach_carousel post_type_choose=&#8221;product&#8221; loop_layout=&#8221;153&#8243; posts_number_desktop=&#8221;4&#8243; posts_number_tablet=&#8221;3&#8243; autoplay_speed=&#8221;5000&#8243; infinate=&#8221;on&#8221; equal_height=&#8221;on&#8221; link_whole_gird=&#8221;on&#8221; align_last_bottom=&#8221;on&#8221; left_icon=&#8221;&#x23;||divi||400&#8243; right_icon=&#8221;&#x24;||divi||400&#8243; arrows_color=&#8221;gcid-ce2cae7c-578c-4edf-934f-0a952a6feedf&#8221; _builder_version=&#8221;4.17.4&#8243; _module_preset=&#8221;default&#8221; global_colors_info=&#8221;{%22gcid-ce2cae7c-578c-4edf-934f-0a952a6feedf%22:%91%22arrows_color%22,%22dot_color%22%93,%22gcid-beaf7894-3477-417d-a21d-19c38af28ccf%22:%91%22dot_color_active%22%93}&#8221;][\/et_pb_de_mach_carousel][dipl_button _builder_version=&#8221;4.17.4&#8243; _module_preset=&#8221;default&#8221; global_colors_info=&#8221;{}&#8221;][dipl_button_item button_text=&#8221;Shop now&#8221; button_url=&#8221;@ET-DC@eyJkeW5hbWljIjp0cnVlLCJjb250ZW50IjoicG9zdF9saW5rX3VybF9wYWdlIiwic2V0dGluZ3MiOnsicG9zdF9pZCI6IjExIn19@&#8221; background_fill_style=&#8221;vertical_shutter_fill&#8221; button_bg_color=&#8221;gcid-ce2cae7c-578c-4edf-934f-0a952a6feedf&#8221; button_alignment=&#8221;center&#8221; button_custom_padding=&#8221;|2rem||2rem|false|true&#8221; _builder_version=&#8221;4.17.4&#8243; _dynamic_attributes=&#8221;button_url&#8221; _module_preset=&#8221;default&#8221; button_font=&#8221;|700|||||||&#8221; button_text_color=&#8221;gcid-fc149eda-5efe-4f6f-9cff-5836ede9e74f&#8221; button_font_size=&#8221;16px&#8221; text_orientation=&#8221;center&#8221; border_width_all=&#8221;3px&#8221; border_color_all=&#8221;gcid-ce2cae7c-578c-4edf-934f-0a952a6feedf&#8221; global_colors_info=&#8221;{%22gcid-ce2cae7c-578c-4edf-934f-0a952a6feedf%22:%91%22button_bg_color%22,%22button_text_color__hover%22,%22border_color_all%22%93,%22gcid-beaf7894-3477-417d-a21d-19c38af28ccf%22:%91%22button_bg_color__hover%22%93,%22gcid-fc149eda-5efe-4f6f-9cff-5836ede9e74f%22:%91%22button_text_color%22%93}&#8221; button_bg_color__hover_enabled=&#8221;on|hover&#8221; button_bg_color__hover=&#8221;#b4ff00&#8243; button_bg_enable_color__hover=&#8221;on&#8221; button_text_color__hover_enabled=&#8221;on|hover&#8221; button_text_color__hover=&#8221;#000000&#8243;][\/dipl_button_item][\/dipl_button][\/et_pb_column][\/et_pb_row][\/et_pb_section]<\/p>","protected":false},"excerpt":{"rendered":"<p>Terms &amp; ConditionsBy accessing or purchasing from this website, you agree to be bound by these Terms and Conditions. This document outlines the rules for using our site, making purchases, and how we protect you &#8211; our valued customer &#8211; as well as ourselves. Please read everything carefully before continuing or placing an order. If [&hellip;]<\/p>","protected":false},"author":5,"featured_media":0,"parent":0,"menu_order":0,"comment_status":"closed","ping_status":"closed","template":"","meta":{"_acf_changed":false,"_et_pb_use_builder":"on","_et_pb_old_content":"","_et_gb_content_width":"","_monsterinsights_skip_tracking":false,"_monsterinsights_sitenote_active":false,"_monsterinsights_sitenote_note":"","_monsterinsights_sitenote_category":0,"footnotes":""},"class_list":["post-3836","page","type-page","status-publish","hentry"],"acf":[],"_links":{"self":[{"href":"https:\/\/missmamawigs.com\/de\/wp-json\/wp\/v2\/pages\/3836","targetHints":{"allow":["GET"]}}],"collection":[{"href":"https:\/\/missmamawigs.com\/de\/wp-json\/wp\/v2\/pages"}],"about":[{"href":"https:\/\/missmamawigs.com\/de\/wp-json\/wp\/v2\/types\/page"}],"author":[{"embeddable":true,"href":"https:\/\/missmamawigs.com\/de\/wp-json\/wp\/v2\/users\/5"}],"replies":[{"embeddable":true,"href":"https:\/\/missmamawigs.com\/de\/wp-json\/wp\/v2\/comments?post=3836"}],"version-history":[{"count":12,"href":"https:\/\/missmamawigs.com\/de\/wp-json\/wp\/v2\/pages\/3836\/revisions"}],"predecessor-version":[{"id":3869,"href":"https:\/\/missmamawigs.com\/de\/wp-json\/wp\/v2\/pages\/3836\/revisions\/3869"}],"wp:attachment":[{"href":"https:\/\/missmamawigs.com\/de\/wp-json\/wp\/v2\/media?parent=3836"}],"curies":[{"name":"wp","href":"https:\/\/api.w.org\/{rel}","templated":true}]}}