{"id":47,"date":"2022-07-08T10:56:49","date_gmt":"2022-07-08T10:56:49","guid":{"rendered":"https:\/\/missmamawigs.com\/?page_id=47"},"modified":"2022-09-28T06:02:44","modified_gmt":"2022-09-28T06:02:44","slug":"how-to-wear-your-wig","status":"publish","type":"page","link":"https:\/\/missmamawigs.com\/es\/how-to-wear-your-wig\/","title":{"rendered":"C\u00f3mo usar tu peluca"},"content":{"rendered":"<p>[et_pb_section fb_built=&#8221;1&#8243; module_class=&#8221;cs-hero&#8221; _builder_version=&#8221;4.17.4&#8243; _module_preset=&#8221;default&#8221; background_color=&#8221;gcid-4ebcc4c3-0167-4535-a2b3-fd702b52ed71&#8243; custom_margin=&#8221;||0px||false|false&#8221; custom_padding=&#8221;||0px||false|false&#8221; global_colors_info=&#8221;{%22gcid-4ebcc4c3-0167-4535-a2b3-fd702b52ed71%22:%91%22background_color%22%93}&#8221;][et_pb_row admin_label=&#8221;Heading Row&#8221; _builder_version=&#8221;4.17.4&#8243; _module_preset=&#8221;default&#8221; background_color=&#8221;gcid-beaf7894-3477-417d-a21d-19c38af28ccf&#8221; width=&#8221;100%&#8221; max_width=&#8221;100vw&#8221; custom_margin=&#8221;15vh||||false|false&#8221; global_colors_info=&#8221;{%22gcid-beaf7894-3477-417d-a21d-19c38af28ccf%22:%91%22background_color%22%93}&#8221;][et_pb_column type=&#8221;4_4&#8243; _builder_version=&#8221;4.17.4&#8243; _module_preset=&#8221;default&#8221; global_colors_info=&#8221;{}&#8221;][et_pb_text _builder_version=&#8221;4.18.0&#8243; _module_preset=&#8221;default&#8221; header_text_align=&#8221;center&#8221; max_width=&#8221;80%&#8221; module_alignment=&#8221;center&#8221; hover_enabled=&#8221;0&#8243; header_font_size_tablet=&#8221;&#8221; header_font_size_phone=&#8221;48px&#8221; header_font_size_last_edited=&#8221;on|phone&#8221; global_colors_info=&#8221;{}&#8221; sticky_enabled=&#8221;0&#8243;]<\/p>\n<h1>C\u00f3mo usar tu peluca<\/h1>\n<p>[\/et_pb_text][\/et_pb_column][\/et_pb_row][et_pb_row _builder_version=&#8221;4.17.4&#8243; _module_preset=&#8221;default&#8221; custom_margin=&#8221;0px||||false|false&#8221; custom_margin_tablet=&#8221;15vh||||false|false&#8221; custom_margin_phone=&#8221;0vh||||false|false&#8221; custom_margin_last_edited=&#8221;on|phone&#8221; custom_padding=&#8221;||||false|false&#8221; global_colors_info=&#8221;{}&#8221;][et_pb_column type=&#8221;4_4&#8243; _builder_version=&#8221;4.17.4&#8243; _module_preset=&#8221;default&#8221; global_colors_info=&#8221;{}&#8221;][et_pb_text _builder_version=&#8221;4.17.4&#8243; _module_preset=&#8221;default&#8221; text_orientation=&#8221;center&#8221; max_width=&#8221;800px&#8221; module_alignment=&#8221;center&#8221; global_colors_info=&#8221;{}&#8221;]<\/p>\n<p>Lace front wigs are the most realistic on the market. You are able to feel confident that no one will think you are wearing a wig because of the way the transparent lace hairline blends into the scalp. It will appear as if the hair is growing out of your scalp.. amazing right and especially if you&#8217;ve been use to wearing wigs that have unmoveable partings and feel like your are wearing a helmet!<\/p>\n<p>When the wig arrives, you will be able to wear it without the help of adhesives, tapes or sewn in elastic bands. However, if you find that the combs inside or adjustable straps included are not secure enough for you, please watch the below videos to help you lay the wig down.<\/p>\n<p>Laying down a thin material like lace gives you the ultimate flawless hairline look&#8230;. once you try it once, you&#8217;ll probably be tempted to keep trying. Even your friends and family will be blown away by how realistic the wig looks&#8230; especially the hairline!<\/p>\n<p>To get you started some helpful videos have been added to help you install the wig.<\/p>\n<p>[\/et_pb_text][\/et_pb_column][\/et_pb_row][\/et_pb_section][et_pb_section fb_built=&#8221;1&#8243; _builder_version=&#8221;4.17.4&#8243; _module_preset=&#8221;default&#8221; background_color=&#8221;gcid-4ebcc4c3-0167-4535-a2b3-fd702b52ed71&#8243; custom_padding=&#8221;0px||||false|false&#8221; global_colors_info=&#8221;{%22gcid-4ebcc4c3-0167-4535-a2b3-fd702b52ed71%22:%91%22background_color%22%93}&#8221;][et_pb_row _builder_version=&#8221;4.17.4&#8243; _module_preset=&#8221;default&#8221; global_colors_info=&#8221;{}&#8221;][et_pb_column type=&#8221;4_4&#8243; _builder_version=&#8221;4.17.4&#8243; _module_preset=&#8221;default&#8221; global_colors_info=&#8221;{}&#8221;][dipl_separator use_with=&#8221;text&#8221; seprator_thickness=&#8221;1px&#8221; separator_color=&#8221;#000000&#8243; _builder_version=&#8221;4.17.4&#8243; _module_preset=&#8221;default&#8221; title_level=&#8221;h2&#8243; title_font_size=&#8221;48px&#8221; body_text_align=&#8221;center&#8221; title_font_size_tablet=&#8221;48px&#8221; title_font_size_phone=&#8221;32px&#8221; title_font_size_last_edited=&#8221;on|phone&#8221; global_colors_info=&#8221;{}&#8221;]<\/p>\n<h2>C\u00f3mo cortar el encaje en una peluca frontal<\/h2>\n<p>[\/dipl_separator][\/et_pb_column][\/et_pb_row][et_pb_row column_structure=&#8221;1_2,1_2&#8243; _builder_version=&#8221;4.17.4&#8243; _module_preset=&#8221;default&#8221; global_colors_info=&#8221;{}&#8221;][et_pb_column type=&#8221;1_2&#8243; _builder_version=&#8221;4.17.4&#8243; _module_preset=&#8221;default&#8221; global_colors_info=&#8221;{}&#8221;][et_pb_video src=&#8221;https:\/\/youtu.be\/kwI_Gz-xNQ0&#8243; image_src=&#8221;\/\/i.ytimg.com\/vi\/kwI_Gz-xNQ0\/hqdefault.jpg&#8221; play_icon_color=&#8221;gcid-beaf7894-3477-417d-a21d-19c38af28ccf&#8221; thumbnail_overlay_color=&#8221;rgba(0,0,0,0.88)&#8221; module_class=&#8221;cs-my-video&#8221; _builder_version=&#8221;4.17.4&#8243; _module_preset=&#8221;default&#8221; global_colors_info=&#8221;{%22gcid-beaf7894-3477-417d-a21d-19c38af28ccf%22:%91%22play_icon_color%22%93}&#8221;][\/et_pb_video][\/et_pb_column][et_pb_column type=&#8221;1_2&#8243; _builder_version=&#8221;4.17.4&#8243; _module_preset=&#8221;default&#8221; global_colors_info=&#8221;{}&#8221;][et_pb_video src=&#8221;https:\/\/youtu.be\/dubjy_jae6g&#8221; image_src=&#8221;\/\/i.ytimg.com\/vi\/dubjy_jae6g\/hqdefault.jpg&#8221; play_icon_color=&#8221;gcid-beaf7894-3477-417d-a21d-19c38af28ccf&#8221; thumbnail_overlay_color=&#8221;rgba(0,0,0,0.88)&#8221; module_class=&#8221;cs-my-video&#8221; _builder_version=&#8221;4.17.4&#8243; _module_preset=&#8221;default&#8221; global_colors_info=&#8221;{%22gcid-beaf7894-3477-417d-a21d-19c38af28ccf%22:%91%22play_icon_color%22%93}&#8221;][\/et_pb_video][\/et_pb_column][\/et_pb_row][et_pb_row _builder_version=&#8221;4.17.4&#8243; _module_preset=&#8221;default&#8221; global_colors_info=&#8221;{}&#8221;][et_pb_column type=&#8221;4_4&#8243; _builder_version=&#8221;4.17.4&#8243; _module_preset=&#8221;default&#8221; global_colors_info=&#8221;{}&#8221;][et_pb_text _builder_version=&#8221;4.17.4&#8243; _module_preset=&#8221;default&#8221; text_font=&#8221;||||||||&#8221; text_orientation=&#8221;center&#8221; global_colors_info=&#8221;{}&#8221;]<\/p>\n<p><span><strong>Consejo:<\/strong> \u00a1No olvides recortar alrededor de las orejas!\u00a0<\/span><\/p>\n<p>[\/et_pb_text][\/et_pb_column][\/et_pb_row][\/et_pb_section][et_pb_section fb_built=&#8221;1&#8243; _builder_version=&#8221;4.17.4&#8243; _module_preset=&#8221;default&#8221; background_color=&#8221;gcid-4ebcc4c3-0167-4535-a2b3-fd702b52ed71&#8243; custom_padding=&#8221;0px||||false|false&#8221; global_colors_info=&#8221;{%22gcid-4ebcc4c3-0167-4535-a2b3-fd702b52ed71%22:%91%22background_color%22%93}&#8221;][et_pb_row _builder_version=&#8221;4.17.4&#8243; _module_preset=&#8221;default&#8221; global_colors_info=&#8221;{}&#8221;][et_pb_column type=&#8221;4_4&#8243; _builder_version=&#8221;4.17.4&#8243; _module_preset=&#8221;default&#8221; global_colors_info=&#8221;{}&#8221;][dipl_separator use_with=&#8221;text&#8221; seprator_thickness=&#8221;1px&#8221; separator_color=&#8221;#000000&#8243; _builder_version=&#8221;4.17.4&#8243; _module_preset=&#8221;default&#8221; title_level=&#8221;h2&#8243; title_font_size=&#8221;48px&#8221; body_text_align=&#8221;center&#8221; title_font_size_tablet=&#8221;48px&#8221; title_font_size_phone=&#8221;32px&#8221; title_font_size_last_edited=&#8221;on|phone&#8221; global_colors_info=&#8221;{}&#8221;]<\/p>\n<h2>C\u00f3mo usar el spray adhesivo GOT2B<\/h2>\n<p>[\/dipl_separator][\/et_pb_column][\/et_pb_row][et_pb_row column_structure=&#8221;1_2,1_2&#8243; _builder_version=&#8221;4.17.4&#8243; _module_preset=&#8221;default&#8221; global_colors_info=&#8221;{}&#8221;][et_pb_column type=&#8221;1_2&#8243; _builder_version=&#8221;4.17.4&#8243; _module_preset=&#8221;default&#8221; global_colors_info=&#8221;{}&#8221;][et_pb_video src=&#8221;https:\/\/youtu.be\/fyHxwV1KWuI&#8221; image_src=&#8221;\/\/i.ytimg.com\/vi\/fyHxwV1KWuI\/hqdefault.jpg&#8221; play_icon_color=&#8221;gcid-beaf7894-3477-417d-a21d-19c38af28ccf&#8221; thumbnail_overlay_color=&#8221;rgba(0,0,0,0.88)&#8221; module_class=&#8221;cs-my-video&#8221; _builder_version=&#8221;4.17.4&#8243; _module_preset=&#8221;default&#8221; global_colors_info=&#8221;{%22gcid-beaf7894-3477-417d-a21d-19c38af28ccf%22:%91%22play_icon_color%22%93}&#8221;][\/et_pb_video][\/et_pb_column][et_pb_column type=&#8221;1_2&#8243; _builder_version=&#8221;4.17.4&#8243; _module_preset=&#8221;default&#8221; global_colors_info=&#8221;{}&#8221;][et_pb_video src=&#8221;https:\/\/youtu.be\/B1rRty1j46E&#8221; image_src=&#8221;\/\/i.ytimg.com\/vi\/B1rRty1j46E\/hqdefault.jpg&#8221; play_icon_color=&#8221;gcid-beaf7894-3477-417d-a21d-19c38af28ccf&#8221; thumbnail_overlay_color=&#8221;rgba(0,0,0,0.88)&#8221; module_class=&#8221;cs-my-video&#8221; _builder_version=&#8221;4.17.4&#8243; _module_preset=&#8221;default&#8221; global_colors_info=&#8221;{%22gcid-beaf7894-3477-417d-a21d-19c38af28ccf%22:%91%22play_icon_color%22%93}&#8221;][\/et_pb_video][\/et_pb_column][\/et_pb_row][et_pb_row _builder_version=&#8221;4.17.4&#8243; _module_preset=&#8221;default&#8221; global_colors_info=&#8221;{}&#8221;][et_pb_column type=&#8221;4_4&#8243; _builder_version=&#8221;4.17.4&#8243; _module_preset=&#8221;default&#8221; global_colors_info=&#8221;{}&#8221;][et_pb_text _builder_version=&#8221;4.17.4&#8243; _module_preset=&#8221;default&#8221; text_font=&#8221;||||||||&#8221; text_orientation=&#8221;center&#8221; global_colors_info=&#8221;{}&#8221;]<\/p>\n<p><strong>Consejo:<\/strong> Aseg\u00farate de limpiar el interior del encaje para evitar la acumulaci\u00f3n de producto. Usa agua tibia y un algod\u00f3n desmaquillante para eliminar los residuos. Un poco de alcohol como HAZ, con una concentraci\u00f3n del 70\u201380 %, ser\u00e1 \u00fatil. Adem\u00e1s, espera a que el producto se vuelva pegajoso antes de colocar la peluca.<\/p>\n<p>[\/et_pb_text][\/et_pb_column][\/et_pb_row][\/et_pb_section][et_pb_section fb_built=&#8221;1&#8243; _builder_version=&#8221;4.17.4&#8243; _module_preset=&#8221;default&#8221; background_color=&#8221;gcid-4ebcc4c3-0167-4535-a2b3-fd702b52ed71&#8243; custom_padding=&#8221;0px||||false|false&#8221; global_colors_info=&#8221;{%22gcid-4ebcc4c3-0167-4535-a2b3-fd702b52ed71%22:%91%22background_color%22%93}&#8221;][et_pb_row _builder_version=&#8221;4.17.4&#8243; _module_preset=&#8221;default&#8221; global_colors_info=&#8221;{}&#8221;][et_pb_column type=&#8221;4_4&#8243; _builder_version=&#8221;4.17.4&#8243; _module_preset=&#8221;default&#8221; global_colors_info=&#8221;{}&#8221;][dipl_separator use_with=&#8221;text&#8221; seprator_thickness=&#8221;1px&#8221; separator_color=&#8221;#000000&#8243; _builder_version=&#8221;4.17.4&#8243; _module_preset=&#8221;default&#8221; title_level=&#8221;h2&#8243; title_font_size=&#8221;48px&#8221; body_text_align=&#8221;center&#8221; title_font_size_tablet=&#8221;48px&#8221; title_font_size_phone=&#8221;32px&#8221; title_font_size_last_edited=&#8221;on|phone&#8221; global_colors_info=&#8221;{}&#8221;]<\/p>\n<h2>Uso de pegamento para pelucas con encaje<\/h2>\n<p>[\/dipl_separator][\/et_pb_column][\/et_pb_row][et_pb_row _builder_version=&#8221;4.17.4&#8243; _module_preset=&#8221;default&#8221; global_colors_info=&#8221;{}&#8221;][et_pb_column type=&#8221;4_4&#8243; _builder_version=&#8221;4.17.4&#8243; _module_preset=&#8221;default&#8221; global_colors_info=&#8221;{}&#8221;][et_pb_video src=&#8221;https:\/\/youtu.be\/aratHtUdznE&#8221; image_src=&#8221;\/\/i.ytimg.com\/vi\/aratHtUdznE\/hqdefault.jpg&#8221; play_icon_color=&#8221;gcid-beaf7894-3477-417d-a21d-19c38af28ccf&#8221; thumbnail_overlay_color=&#8221;rgba(0,0,0,0.88)&#8221; module_class=&#8221;cs-my-video&#8221; _builder_version=&#8221;4.17.4&#8243; _module_preset=&#8221;default&#8221; max_width=&#8221;50%&#8221; max_width_tablet=&#8221;100%&#8221; max_width_phone=&#8221;100%&#8221; max_width_last_edited=&#8221;on|tablet&#8221; module_alignment=&#8221;center&#8221; global_colors_info=&#8221;{%22gcid-beaf7894-3477-417d-a21d-19c38af28ccf%22:%91%22play_icon_color%22%93}&#8221;][\/et_pb_video][\/et_pb_column][\/et_pb_row][et_pb_row _builder_version=&#8221;4.17.4&#8243; _module_preset=&#8221;default&#8221; global_colors_info=&#8221;{}&#8221;][et_pb_column type=&#8221;4_4&#8243; _builder_version=&#8221;4.17.4&#8243; _module_preset=&#8221;default&#8221; global_colors_info=&#8221;{}&#8221;][et_pb_text _builder_version=&#8221;4.17.4&#8243; _module_preset=&#8221;default&#8221; text_font=&#8221;||||||||&#8221; text_orientation=&#8221;center&#8221; global_colors_info=&#8221;{}&#8221;]<\/p>\n<p><strong>Consejo:<\/strong> Amazon es un buen lugar para encontrar estos pegamentos. Ghost Bond, Bold Hold y Mrs Hair son marcas que hemos usado antes. Intenta elegir un pegamento que venga con su propio removedor.<\/p>\n<p>[\/et_pb_text][\/et_pb_column][\/et_pb_row][\/et_pb_section][et_pb_section fb_built=&#8221;1&#8243; _builder_version=&#8221;4.17.4&#8243; _module_preset=&#8221;default&#8221; background_color=&#8221;gcid-4ebcc4c3-0167-4535-a2b3-fd702b52ed71&#8243; custom_padding=&#8221;0px||||false|false&#8221; global_colors_info=&#8221;{%22gcid-4ebcc4c3-0167-4535-a2b3-fd702b52ed71%22:%91%22background_color%22%93}&#8221;][et_pb_row _builder_version=&#8221;4.17.4&#8243; _module_preset=&#8221;default&#8221; global_colors_info=&#8221;{}&#8221;][et_pb_column type=&#8221;4_4&#8243; _builder_version=&#8221;4.17.4&#8243; _module_preset=&#8221;default&#8221; global_colors_info=&#8221;{}&#8221;][dipl_separator use_with=&#8221;text&#8221; seprator_thickness=&#8221;1px&#8221; separator_color=&#8221;#000000&#8243; _builder_version=&#8221;4.17.4&#8243; _module_preset=&#8221;default&#8221; title_level=&#8221;h2&#8243; title_font_size=&#8221;48px&#8221; body_text_align=&#8221;center&#8221; title_font_size_tablet=&#8221;48px&#8221; title_font_size_phone=&#8221;32px&#8221; title_font_size_last_edited=&#8221;on|phone&#8221; global_colors_info=&#8221;{}&#8221;]<\/p>\n<h2>Coser una banda el\u00e1stica<\/h2>\n<p>[\/dipl_separator][\/et_pb_column][\/et_pb_row][et_pb_row _builder_version=&#8221;4.17.4&#8243; _module_preset=&#8221;default&#8221; global_colors_info=&#8221;{}&#8221;][et_pb_column type=&#8221;4_4&#8243; _builder_version=&#8221;4.17.4&#8243; _module_preset=&#8221;default&#8221; global_colors_info=&#8221;{}&#8221;][et_pb_video src=&#8221;https:\/\/youtu.be\/MRAuAC2CPCg&#8221; image_src=&#8221;\/\/i.ytimg.com\/vi\/MRAuAC2CPCg\/hqdefault.jpg&#8221; play_icon_color=&#8221;gcid-beaf7894-3477-417d-a21d-19c38af28ccf&#8221; thumbnail_overlay_color=&#8221;rgba(0,0,0,0.88)&#8221; module_class=&#8221;cs-my-video&#8221; _builder_version=&#8221;4.17.4&#8243; _module_preset=&#8221;default&#8221; max_width=&#8221;50%&#8221; max_width_tablet=&#8221;100%&#8221; max_width_phone=&#8221;100%&#8221; max_width_last_edited=&#8221;on|tablet&#8221; module_alignment=&#8221;center&#8221; global_colors_info=&#8221;{%22gcid-beaf7894-3477-417d-a21d-19c38af28ccf%22:%91%22play_icon_color%22%93}&#8221;][\/et_pb_video][\/et_pb_column][\/et_pb_row][\/et_pb_section][et_pb_section fb_built=&#8221;1&#8243; _builder_version=&#8221;4.17.4&#8243; _module_preset=&#8221;default&#8221; background_color=&#8221;gcid-4ebcc4c3-0167-4535-a2b3-fd702b52ed71&#8243; custom_padding=&#8221;0px||||false|false&#8221; global_colors_info=&#8221;{%22gcid-4ebcc4c3-0167-4535-a2b3-fd702b52ed71%22:%91%22background_color%22%93}&#8221;][et_pb_row _builder_version=&#8221;4.17.4&#8243; _module_preset=&#8221;default&#8221; global_colors_info=&#8221;{}&#8221;][et_pb_column type=&#8221;4_4&#8243; _builder_version=&#8221;4.17.4&#8243; _module_preset=&#8221;default&#8221; global_colors_info=&#8221;{}&#8221;][dipl_separator use_with=&#8221;text&#8221; seprator_thickness=&#8221;1px&#8221; separator_color=&#8221;#000000&#8243; _builder_version=&#8221;4.17.4&#8243; _module_preset=&#8221;default&#8221; title_level=&#8221;h2&#8243; title_font_size=&#8221;48px&#8221; body_text_align=&#8221;center&#8221; title_font_size_tablet=&#8221;48px&#8221; title_font_size_phone=&#8221;32px&#8221; title_font_size_last_edited=&#8221;on|phone&#8221; global_colors_info=&#8221;{}&#8221;]<\/p>\n<h2>Uso de cinta adhesiva para pelucas<\/h2>\n<p>[\/dipl_separator][\/et_pb_column][\/et_pb_row][et_pb_row _builder_version=&#8221;4.17.4&#8243; _module_preset=&#8221;default&#8221; global_colors_info=&#8221;{}&#8221;][et_pb_column type=&#8221;4_4&#8243; _builder_version=&#8221;4.17.4&#8243; _module_preset=&#8221;default&#8221; global_colors_info=&#8221;{}&#8221;][et_pb_video src=&#8221;https:\/\/youtu.be\/D1JhCc1jDIM&#8221; image_src=&#8221;\/\/i.ytimg.com\/vi\/D1JhCc1jDIM\/hqdefault.jpg&#8221; play_icon_color=&#8221;gcid-beaf7894-3477-417d-a21d-19c38af28ccf&#8221; thumbnail_overlay_color=&#8221;rgba(0,0,0,0.88)&#8221; module_class=&#8221;cs-my-video&#8221; _builder_version=&#8221;4.17.4&#8243; _module_preset=&#8221;default&#8221; max_width=&#8221;50%&#8221; max_width_tablet=&#8221;100%&#8221; max_width_phone=&#8221;100%&#8221; max_width_last_edited=&#8221;on|tablet&#8221; module_alignment=&#8221;center&#8221; global_colors_info=&#8221;{%22gcid-beaf7894-3477-417d-a21d-19c38af28ccf%22:%91%22play_icon_color%22%93}&#8221;][\/et_pb_video][\/et_pb_column][\/et_pb_row][et_pb_row _builder_version=&#8221;4.17.4&#8243; _module_preset=&#8221;default&#8221; global_colors_info=&#8221;{}&#8221;][et_pb_column type=&#8221;4_4&#8243; _builder_version=&#8221;4.17.4&#8243; _module_preset=&#8221;default&#8221; global_colors_info=&#8221;{}&#8221;][et_pb_text _builder_version=&#8221;4.17.4&#8243; _module_preset=&#8221;default&#8221; text_font=&#8221;||||||||&#8221; text_orientation=&#8221;center&#8221; global_colors_info=&#8221;{}&#8221;]<\/p>\n<p><strong>Consejo:<\/strong> Amazon tambi\u00e9n es una buena opci\u00f3n. Una marca recomendada y popular es Walker.<\/p>\n<p>[\/et_pb_text][\/et_pb_column][\/et_pb_row][\/et_pb_section][et_pb_section fb_built=&#8221;1&#8243; _builder_version=&#8221;4.17.4&#8243; _module_preset=&#8221;default&#8221; background_color=&#8221;gcid-4ebcc4c3-0167-4535-a2b3-fd702b52ed71&#8243; custom_padding=&#8221;0px||||false|false&#8221; global_colors_info=&#8221;{%22gcid-4ebcc4c3-0167-4535-a2b3-fd702b52ed71%22:%91%22background_color%22%93}&#8221;][et_pb_row _builder_version=&#8221;4.17.4&#8243; _module_preset=&#8221;default&#8221; global_colors_info=&#8221;{}&#8221;][et_pb_column type=&#8221;4_4&#8243; _builder_version=&#8221;4.17.4&#8243; _module_preset=&#8221;default&#8221; global_colors_info=&#8221;{}&#8221;][dipl_separator use_with=&#8221;text&#8221; seprator_thickness=&#8221;1px&#8221; separator_color=&#8221;#000000&#8243; _builder_version=&#8221;4.17.4&#8243; _module_preset=&#8221;default&#8221; title_level=&#8221;h2&#8243; title_font_size=&#8221;48px&#8221; body_text_align=&#8221;center&#8221; title_font_size_tablet=&#8221;48px&#8221; title_font_size_phone=&#8221;32px&#8221; title_font_size_last_edited=&#8221;on|phone&#8221; global_colors_info=&#8221;{}&#8221;]<\/p>\n<h2>Uso de una banda de sujeci\u00f3n (wig grip)<\/h2>\n<p>[\/dipl_separator][\/et_pb_column][\/et_pb_row][et_pb_row _builder_version=&#8221;4.17.4&#8243; _module_preset=&#8221;default&#8221; global_colors_info=&#8221;{}&#8221;][et_pb_column type=&#8221;4_4&#8243; _builder_version=&#8221;4.17.4&#8243; _module_preset=&#8221;default&#8221; global_colors_info=&#8221;{}&#8221;][et_pb_video src=&#8221;https:\/\/youtu.be\/a0iIAEN9ceU&#8221; image_src=&#8221;\/\/i.ytimg.com\/vi\/a0iIAEN9ceU\/hqdefault.jpg&#8221; play_icon_color=&#8221;gcid-beaf7894-3477-417d-a21d-19c38af28ccf&#8221; thumbnail_overlay_color=&#8221;rgba(0,0,0,0.88)&#8221; module_class=&#8221;cs-my-video&#8221; _builder_version=&#8221;4.17.4&#8243; _module_preset=&#8221;default&#8221; max_width=&#8221;50%&#8221; max_width_tablet=&#8221;100%&#8221; max_width_phone=&#8221;100%&#8221; max_width_last_edited=&#8221;on|tablet&#8221; module_alignment=&#8221;center&#8221; global_colors_info=&#8221;{%22gcid-beaf7894-3477-417d-a21d-19c38af28ccf%22:%91%22play_icon_color%22%93}&#8221;][\/et_pb_video][\/et_pb_column][\/et_pb_row][et_pb_row _builder_version=&#8221;4.17.4&#8243; _module_preset=&#8221;default&#8221; global_colors_info=&#8221;{}&#8221;][et_pb_column type=&#8221;4_4&#8243; _builder_version=&#8221;4.17.4&#8243; _module_preset=&#8221;default&#8221; global_colors_info=&#8221;{}&#8221;][et_pb_text _builder_version=&#8221;4.17.4&#8243; _module_preset=&#8221;default&#8221; text_font=&#8221;||||||||&#8221; text_orientation=&#8221;center&#8221; global_colors_info=&#8221;{}&#8221;]<\/p>\n<p><strong>Consejo:<\/strong> Amazon es una buena opci\u00f3n para encontrar estas bandas. Elige el producto mejor valorado \ud83d\ude42<\/p>\n<p>[\/et_pb_text][et_pb_text _builder_version=&#8221;4.17.4&#8243; _module_preset=&#8221;default&#8221; text_font=&#8221;||||||||&#8221; link_font=&#8221;|700|||on||||&#8221; link_text_color=&#8221;gcid-ce2cae7c-578c-4edf-934f-0a952a6feedf&#8221; text_orientation=&#8221;center&#8221; max_width=&#8221;800px&#8221; module_alignment=&#8221;center&#8221; global_colors_info=&#8221;{%22gcid-ce2cae7c-578c-4edf-934f-0a952a6feedf%22:%91%22link_text_color%22%93,%22gcid-beaf7894-3477-417d-a21d-19c38af28ccf%22:%91%22link_text_color__hover%22%93}&#8221; link_text_color__hover_enabled=&#8221;on|hover&#8221; link_text_color__hover=&#8221;#b4ff00&#8243;]<\/p>\n<p>Estos videos te ayudar\u00e1n much\u00edsimo. Hemos elegido YouTube porque estos creadores hacen los mejores tutoriales, \u00a1y nosotros tambi\u00e9n usamos sus m\u00e9todos! Est\u00e1n probados y comprobados. Si necesitas m\u00e1s ayuda, escr\u00edbenos a: <a href=\"mailto:contact@missmamawigs.com\">contact@missmamawigs.com<\/a>.<\/p>\n<p>[\/et_pb_text][dipl_button _builder_version=&#8221;4.17.4&#8243; _module_preset=&#8221;default&#8221; global_colors_info=&#8221;{}&#8221;][dipl_button_item button_text=&#8221;Shop now&#8221; button_url=&#8221;@ET-DC@eyJkeW5hbWljIjp0cnVlLCJjb250ZW50IjoicG9zdF9saW5rX3VybF9wYWdlIiwic2V0dGluZ3MiOnsicG9zdF9pZCI6IjExIn19@&#8221; background_fill_style=&#8221;vertical_shutter_fill&#8221; button_bg_color=&#8221;gcid-ce2cae7c-578c-4edf-934f-0a952a6feedf&#8221; button_alignment=&#8221;center&#8221; button_custom_padding=&#8221;|2rem||2rem|false|true&#8221; _builder_version=&#8221;4.17.4&#8243; _dynamic_attributes=&#8221;button_url&#8221; _module_preset=&#8221;default&#8221; button_font=&#8221;|700|||||||&#8221; button_text_color=&#8221;gcid-fc149eda-5efe-4f6f-9cff-5836ede9e74f&#8221; button_font_size=&#8221;16px&#8221; border_width_all=&#8221;2px&#8221; border_color_all=&#8221;gcid-ce2cae7c-578c-4edf-934f-0a952a6feedf&#8221; global_colors_info=&#8221;{%22gcid-ce2cae7c-578c-4edf-934f-0a952a6feedf%22:%91%22button_bg_color%22,%22button_text_color__hover%22,%22border_color_all%22%93,%22gcid-beaf7894-3477-417d-a21d-19c38af28ccf%22:%91%22button_bg_color__hover%22%93,%22gcid-fc149eda-5efe-4f6f-9cff-5836ede9e74f%22:%91%22button_text_color%22%93}&#8221; button_bg_color__hover_enabled=&#8221;on|hover&#8221; button_bg_color__hover=&#8221;#b4ff00&#8243; button_bg_enable_color__hover=&#8221;on&#8221; button_text_color__hover_enabled=&#8221;on|hover&#8221; button_text_color__hover=&#8221;#000000&#8243;][\/dipl_button_item][\/dipl_button][\/et_pb_column][\/et_pb_row][\/et_pb_section]<\/p>","protected":false},"excerpt":{"rendered":"<p>How to wear your wigLace front wigs are the most realistic on the market. You are able to feel confident that no one will think you are wearing a wig because of the way the transparent lace hairline blends into the scalp. It will appear as if the hair is growing out of your scalp.. [&hellip;]<\/p>","protected":false},"author":1,"featured_media":0,"parent":0,"menu_order":0,"comment_status":"closed","ping_status":"closed","template":"","meta":{"_acf_changed":false,"_et_pb_use_builder":"on","_et_pb_old_content":"","_et_gb_content_width":"","_monsterinsights_skip_tracking":false,"_monsterinsights_sitenote_active":false,"_monsterinsights_sitenote_note":"","_monsterinsights_sitenote_category":0,"footnotes":""},"class_list":["post-47","page","type-page","status-publish","hentry"],"acf":[],"_links":{"self":[{"href":"https:\/\/missmamawigs.com\/es\/wp-json\/wp\/v2\/pages\/47","targetHints":{"allow":["GET"]}}],"collection":[{"href":"https:\/\/missmamawigs.com\/es\/wp-json\/wp\/v2\/pages"}],"about":[{"href":"https:\/\/missmamawigs.com\/es\/wp-json\/wp\/v2\/types\/page"}],"author":[{"embeddable":true,"href":"https:\/\/missmamawigs.com\/es\/wp-json\/wp\/v2\/users\/1"}],"replies":[{"embeddable":true,"href":"https:\/\/missmamawigs.com\/es\/wp-json\/wp\/v2\/comments?post=47"}],"version-history":[{"count":11,"href":"https:\/\/missmamawigs.com\/es\/wp-json\/wp\/v2\/pages\/47\/revisions"}],"predecessor-version":[{"id":1205,"href":"https:\/\/missmamawigs.com\/es\/wp-json\/wp\/v2\/pages\/47\/revisions\/1205"}],"wp:attachment":[{"href":"https:\/\/missmamawigs.com\/es\/wp-json\/wp\/v2\/media?parent=47"}],"curies":[{"name":"wp","href":"https:\/\/api.w.org\/{rel}","templated":true}]}}