{"id":45,"date":"2022-07-08T10:55:52","date_gmt":"2022-07-08T10:55:52","guid":{"rendered":"https:\/\/missmamawigs.com\/?page_id=45"},"modified":"2025-10-11T13:40:46","modified_gmt":"2025-10-11T13:40:46","slug":"contact","status":"publish","type":"page","link":"https:\/\/missmamawigs.com\/fr\/contact\/","title":{"rendered":"Contact"},"content":{"rendered":"<p>[et_pb_section fb_built=&#8221;1&#8243; module_class=&#8221;cs-hero&#8221; _builder_version=&#8221;4.17.4&#8243; _module_preset=&#8221;default&#8221; background_color=&#8221;gcid-4ebcc4c3-0167-4535-a2b3-fd702b52ed71&#8243; custom_margin=&#8221;||0px||false|false&#8221; custom_padding=&#8221;||0px||false|false&#8221; global_colors_info=&#8221;{%22gcid-4ebcc4c3-0167-4535-a2b3-fd702b52ed71%22:%91%22background_color%22%93}&#8221;][et_pb_row admin_label=&#8221;Heading Row&#8221; _builder_version=&#8221;4.17.4&#8243; _module_preset=&#8221;default&#8221; background_color=&#8221;gcid-beaf7894-3477-417d-a21d-19c38af28ccf&#8221; width=&#8221;100%&#8221; max_width=&#8221;100vw&#8221; custom_margin=&#8221;15vh||||false|false&#8221; global_colors_info=&#8221;{%22gcid-beaf7894-3477-417d-a21d-19c38af28ccf%22:%91%22background_color%22%93}&#8221;][et_pb_column type=&#8221;4_4&#8243; _builder_version=&#8221;4.17.4&#8243; _module_preset=&#8221;default&#8221; global_colors_info=&#8221;{}&#8221;][et_pb_text _builder_version=&#8221;4.17.6&#8243; _module_preset=&#8221;default&#8221; header_font=&#8221;||||||||&#8221; header_text_align=&#8221;center&#8221; max_width=&#8221;80%&#8221; module_alignment=&#8221;center&#8221; header_font_size_tablet=&#8221;&#8221; header_font_size_phone=&#8221;48px&#8221; header_font_size_last_edited=&#8221;on|phone&#8221; global_colors_info=&#8221;{}&#8221;]<\/p>\n<h1>Contactez-nous<\/h1>\n<p>[\/et_pb_text][\/et_pb_column][\/et_pb_row][et_pb_row _builder_version=&#8221;4.19.5&#8243; _module_preset=&#8221;default&#8221; custom_margin=&#8221;0px||||false|false&#8221; custom_margin_tablet=&#8221;15vh||||false|false&#8221; custom_margin_phone=&#8221;10vh||||false|false&#8221; custom_margin_last_edited=&#8221;on|phone&#8221; global_colors_info=&#8221;{}&#8221;][et_pb_column type=&#8221;4_4&#8243; _builder_version=&#8221;4.19.5&#8243; _module_preset=&#8221;default&#8221; global_colors_info=&#8221;{}&#8221;][et_pb_text _builder_version=&#8221;4.18.0&#8243; _module_preset=&#8221;default&#8221; text_orientation=&#8221;center&#8221; max_width=&#8221;800px&#8221; module_alignment=&#8221;center&#8221; global_colors_info=&#8221;{}&#8221;]<\/p>\n<p class=\"translation-block\">Le service client et la satisfaction sont au c\u0153ur de Miss Mama Wigs, c\u2019est pourquoi nous faisons toujours ce qui est le mieux pour vous. Nous fournissons des perruques \u00e0 toutes les femmes de toutes les couleurs de peau, et la fondatrice s\u2019est toujours sp\u00e9cialis\u00e9e dans les cheveux afro-textur\u00e9s ainsi que dans les perruques pour cheveux europ\u00e9ens. Si vous avez des questions sur nos magnifiques perruques en cheveux naturels ou si vous avez besoin de conseils avant d\u2019acheter nos cours en ligne sur la fabrication de perruques en dentelle, n\u2019h\u00e9sitez pas \u00e0 poser vos questions.<\/p>\n<p>[\/et_pb_text][et_pb_text _builder_version=&#8221;4.17.6&#8243; _module_preset=&#8221;default&#8221; text_orientation=&#8221;center&#8221; max_width=&#8221;800px&#8221; module_alignment=&#8221;center&#8221; global_colors_info=&#8221;{}&#8221;]<\/p>\n<p>Nous sommes fiers de proposer des perruques en cheveux naturels personnalis\u00e9es \u00e0 prix abordable ainsi que des cours en ligne sur la fabrication de perruques, incluant notre cours de coloration de perruques en cheveux naturels et notre cours de fabrication de perruques en dentelle.<\/p>\n<p>[\/et_pb_text][\/et_pb_column][\/et_pb_row][et_pb_row _builder_version=&#8221;4.19.5&#8243; _module_preset=&#8221;default&#8221; module_alignment=&#8221;center&#8221; custom_margin=&#8221;0px||||false|false&#8221; custom_margin_tablet=&#8221;0px||||false|false&#8221; custom_margin_phone=&#8221;0px||||false|false&#8221; custom_margin_last_edited=&#8221;on|phone&#8221; custom_padding=&#8221;0px||0px||true|false&#8221; global_colors_info=&#8221;{}&#8221;][et_pb_column type=&#8221;4_4&#8243; _builder_version=&#8221;4.19.5&#8243; _module_preset=&#8221;default&#8221; custom_css_main_element=&#8221;display: flex;||flex-direction: column;||align-items: center;||justify-content: center;&#8221; global_colors_info=&#8221;{}&#8221;][de_fb_form submit_button_text=&#8221;Send message&#8221; disable_submit_for_required=&#8221;on&#8221; save_to_database=&#8221;on&#8221; radio_checkbox_checked_color=&#8221;gcid-beaf7894-3477-417d-a21d-19c38af28ccf&#8221; _builder_version=&#8221;4.27.4&#8243; _module_preset=&#8221;default&#8221; form_field_background_color=&#8221;gcid-3e4b54b0-decc-4b3a-89c5-d7865f649ddd&#8221; form_field_text_color=&#8221;gcid-ce2cae7c-578c-4edf-934f-0a952a6feedf&#8221; label_text_font=&#8221;|700|||||||&#8221; label_text_text_color=&#8221;gcid-ce2cae7c-578c-4edf-934f-0a952a6feedf&#8221; placeholder_text_font=&#8221;|300|||||||&#8221; placeholder_text_text_color=&#8221;gcid-ce2cae7c-578c-4edf-934f-0a952a6feedf&#8221; custom_button=&#8221;on&#8221; button_text_size=&#8221;16px&#8221; button_text_color=&#8221;gcid-fc149eda-5efe-4f6f-9cff-5836ede9e74f&#8221; button_bg_color=&#8221;gcid-ce2cae7c-578c-4edf-934f-0a952a6feedf&#8221; button_border_width=&#8221;2px&#8221; button_border_color=&#8221;gcid-ce2cae7c-578c-4edf-934f-0a952a6feedf&#8221; button_border_radius=&#8221;0px&#8221; button_font=&#8221;|600|||||||&#8221; button_use_icon=&#8221;off&#8221; max_width=&#8221;800px&#8221; custom_margin=&#8221;||||false|false&#8221; hover_enabled=&#8221;0&#8243; global_colors_info=&#8221;{%22gcid-beaf7894-3477-417d-a21d-19c38af28ccf%22:%91%22radio_checkbox_checked_color%22,%22button_bg_color__hover%22%93,%22gcid-3e4b54b0-decc-4b3a-89c5-d7865f649ddd%22:%91%22form_field_background_color%22%93,%22gcid-ce2cae7c-578c-4edf-934f-0a952a6feedf%22:%91%22form_field_text_color%22,%22label_text_text_color%22,%22placeholder_text_text_color%22,%22button_bg_color%22,%22button_border_color%22,%22button_text_color__hover%22%93,%22gcid-fc149eda-5efe-4f6f-9cff-5836ede9e74f%22:%91%22button_text_color%22%93}&#8221; button_bg_color__hover_enabled=&#8221;on|hover&#8221; button_bg_color__hover=&#8221;#b4ff00&#8243; button_bg_enable_color__hover=&#8221;on&#8221; button_text_color__hover_enabled=&#8221;on|hover&#8221; button_text_color__hover=&#8221;#000000&#8243; use_simple_captcha=&#8221;on&#8221; google_recaptcha=&#8221;on&#8221; sticky_enabled=&#8221;0&#8243; recaptcha_sitekey_type=&#8221;recaptcha_3&#8243; recaptcha_sitekey_v3=&#8221;6LewiuYrAAAAABH_5xmBw-qBbLLiaHnP1XLc_gGt&#8221; recaptcha_seckey_v3=&#8221;6LewiuYrAAAAAMYIogHNAOGtUcYGSQAGbbF4mjx-&#8220;][de_fb_form_field field_title=&#8221;First Name&#8221; field_id=&#8221;first_name&#8221; required_mark=&#8221;on&#8221; field_grid_column=&#8221;et_pb_column_1_2&#8243; field_label_position=&#8221;top&#8221; field_placeholder=&#8221;enter your first name&#8221; _builder_version=&#8221;4.19.5&#8243; _module_preset=&#8221;default&#8221; global_colors_info=&#8221;{}&#8221; form_step=&#8221;0&#8243; current_step=&#8221;0&#8243;][\/de_fb_form_field][de_fb_form_field field_title=&#8221;Last Name&#8221; field_id=&#8221;last_name&#8221; required_mark=&#8221;on&#8221; field_grid_column=&#8221;et_pb_column_1_2&#8243; field_label_position=&#8221;top&#8221; field_placeholder=&#8221;enter your last  name&#8221; _builder_version=&#8221;4.19.5&#8243; _module_preset=&#8221;default&#8221; custom_margin=&#8221;||||false|false&#8221; custom_margin_tablet=&#8221;||||false|false&#8221; custom_margin_last_edited=&#8221;off|tablet&#8221; global_colors_info=&#8221;{}&#8221; form_step=&#8221;0&#8243; current_step=&#8221;0&#8243;][\/de_fb_form_field][de_fb_form_field field_title=&#8221;Email&#8221; field_id=&#8221;email&#8221; field_type=&#8221;email&#8221; required_mark=&#8221;on&#8221; field_label_position=&#8221;top&#8221; field_placeholder=&#8221;enter your email address&#8221; use_icon=&#8221;on&#8221; font_icon=&#8221;&#xf0e0;||fa||900&#8243; _builder_version=&#8221;4.19.5&#8243; _module_preset=&#8221;default&#8221; global_colors_info=&#8221;{}&#8221; form_step=&#8221;0&#8243; current_step=&#8221;0&#8243;][\/de_fb_form_field][de_fb_form_field field_title=&#8221;Message&#8221; field_id=&#8221;message&#8221; field_type=&#8221;text&#8221; field_label_position=&#8221;top&#8221; field_placeholder=&#8221;What you need from us?&#8221; _builder_version=&#8221;4.19.5&#8243; _module_preset=&#8221;default&#8221; global_colors_info=&#8221;{}&#8221; form_step=&#8221;0&#8243; current_step=&#8221;0&#8243;][\/de_fb_form_field][\/de_fb_form][\/et_pb_column][\/et_pb_row][et_pb_row module_class=&#8221;cs-product-global-carousel&#8221; _builder_version=&#8221;4.17.4&#8243; _module_preset=&#8221;default&#8221; global_colors_info=&#8221;{}&#8221;][et_pb_column type=&#8221;4_4&#8243; _builder_version=&#8221;4.17.4&#8243; _module_preset=&#8221;default&#8221; global_colors_info=&#8221;{}&#8221;][dipl_separator use_with=&#8221;text&#8221; seprator_thickness=&#8221;1px&#8221; separator_color=&#8221;gcid-ce2cae7c-578c-4edf-934f-0a952a6feedf&#8221; _builder_version=&#8221;4.17.4&#8243; _module_preset=&#8221;default&#8221; title_level=&#8221;h2&#8243; title_font_size=&#8221;48px&#8221; body_text_align=&#8221;center&#8221; title_font_size_tablet=&#8221;48px&#8221; title_font_size_phone=&#8221;32px&#8221; title_font_size_last_edited=&#8221;on|phone&#8221; global_colors_info=&#8221;{%22gcid-ce2cae7c-578c-4edf-934f-0a952a6feedf%22:%91%22separator_color%22%93}&#8221;]<\/p>\n<h2>Produits les plus populaires<\/h2>\n<p>[\/dipl_separator][et_pb_de_mach_carousel post_type_choose=&#8221;product&#8221; loop_layout=&#8221;153&#8243; posts_number_desktop=&#8221;4&#8243; posts_number_tablet=&#8221;3&#8243; autoplay_speed=&#8221;5000&#8243; infinate=&#8221;on&#8221; equal_height=&#8221;on&#8221; link_whole_gird=&#8221;on&#8221; align_last_bottom=&#8221;on&#8221; left_icon=&#8221;&#x23;||divi||400&#8243; right_icon=&#8221;&#x24;||divi||400&#8243; arrows_color=&#8221;gcid-ce2cae7c-578c-4edf-934f-0a952a6feedf&#8221; _builder_version=&#8221;4.17.4&#8243; _module_preset=&#8221;default&#8221; global_colors_info=&#8221;{%22gcid-ce2cae7c-578c-4edf-934f-0a952a6feedf%22:%91%22arrows_color%22,%22dot_color%22%93,%22gcid-beaf7894-3477-417d-a21d-19c38af28ccf%22:%91%22dot_color_active%22%93}&#8221;][\/et_pb_de_mach_carousel][dipl_button _builder_version=&#8221;4.17.4&#8243; _module_preset=&#8221;default&#8221; custom_margin=&#8221;1rem||||false|false&#8221; global_colors_info=&#8221;{}&#8221;][dipl_button_item button_text=&#8221;Shop now&#8221; button_url=&#8221;@ET-DC@eyJkeW5hbWljIjp0cnVlLCJjb250ZW50IjoicG9zdF9saW5rX3VybF9wYWdlIiwic2V0dGluZ3MiOnsicG9zdF9pZCI6IjExIn19@&#8221; background_fill_style=&#8221;vertical_shutter_fill&#8221; button_bg_color=&#8221;gcid-ce2cae7c-578c-4edf-934f-0a952a6feedf&#8221; button_alignment=&#8221;center&#8221; button_custom_padding=&#8221;|2rem||2rem|false|true&#8221; _builder_version=&#8221;4.17.4&#8243; _dynamic_attributes=&#8221;button_url&#8221; _module_preset=&#8221;default&#8221; button_font=&#8221;|700|||||||&#8221; button_text_color=&#8221;gcid-fc149eda-5efe-4f6f-9cff-5836ede9e74f&#8221; button_font_size=&#8221;16px&#8221; text_orientation=&#8221;center&#8221; border_width_all=&#8221;3px&#8221; border_color_all=&#8221;gcid-ce2cae7c-578c-4edf-934f-0a952a6feedf&#8221; global_colors_info=&#8221;{%22gcid-ce2cae7c-578c-4edf-934f-0a952a6feedf%22:%91%22button_bg_color%22,%22button_text_color__hover%22,%22border_color_all%22%93,%22gcid-beaf7894-3477-417d-a21d-19c38af28ccf%22:%91%22button_bg_color__hover%22%93,%22gcid-fc149eda-5efe-4f6f-9cff-5836ede9e74f%22:%91%22button_text_color%22%93}&#8221; button_bg_color__hover_enabled=&#8221;on|hover&#8221; button_bg_color__hover=&#8221;#b4ff00&#8243; button_bg_enable_color__hover=&#8221;on&#8221; button_text_color__hover_enabled=&#8221;on|hover&#8221; button_text_color__hover=&#8221;#000000&#8243;][\/dipl_button_item][\/dipl_button][\/et_pb_column][\/et_pb_row][\/et_pb_section]<\/p>","protected":false},"excerpt":{"rendered":"<p>Contact usCustomer Service and Satisfaction is at the heart of Miss Mama Wigs therefore we will always do what is best for you. We provide wigs to all women of all skin colours and the owner has always specialised in both afro textured hair\u00a0 and european hair wigs. If you have any questions about our [&hellip;]<\/p>","protected":false},"author":1,"featured_media":0,"parent":0,"menu_order":0,"comment_status":"closed","ping_status":"closed","template":"","meta":{"_acf_changed":false,"_et_pb_use_builder":"on","_et_pb_old_content":"","_et_gb_content_width":"","_monsterinsights_skip_tracking":false,"_monsterinsights_sitenote_active":false,"_monsterinsights_sitenote_note":"","_monsterinsights_sitenote_category":0,"footnotes":""},"class_list":["post-45","page","type-page","status-publish","hentry"],"acf":[],"_links":{"self":[{"href":"https:\/\/missmamawigs.com\/fr\/wp-json\/wp\/v2\/pages\/45","targetHints":{"allow":["GET"]}}],"collection":[{"href":"https:\/\/missmamawigs.com\/fr\/wp-json\/wp\/v2\/pages"}],"about":[{"href":"https:\/\/missmamawigs.com\/fr\/wp-json\/wp\/v2\/types\/page"}],"author":[{"embeddable":true,"href":"https:\/\/missmamawigs.com\/fr\/wp-json\/wp\/v2\/users\/1"}],"replies":[{"embeddable":true,"href":"https:\/\/missmamawigs.com\/fr\/wp-json\/wp\/v2\/comments?post=45"}],"version-history":[{"count":22,"href":"https:\/\/missmamawigs.com\/fr\/wp-json\/wp\/v2\/pages\/45\/revisions"}],"predecessor-version":[{"id":4048,"href":"https:\/\/missmamawigs.com\/fr\/wp-json\/wp\/v2\/pages\/45\/revisions\/4048"}],"wp:attachment":[{"href":"https:\/\/missmamawigs.com\/fr\/wp-json\/wp\/v2\/media?parent=45"}],"curies":[{"name":"wp","href":"https:\/\/api.w.org\/{rel}","templated":true}]}}