{"id":616,"date":"2022-07-13T09:29:13","date_gmt":"2022-07-13T09:29:13","guid":{"rendered":"https:\/\/missmamawigs.com\/?page_id=616"},"modified":"2022-09-28T06:24:25","modified_gmt":"2022-09-28T06:24:25","slug":"how-to-measure-your-head","status":"publish","type":"page","link":"https:\/\/missmamawigs.com\/fr\/how-to-measure-your-head\/","title":{"rendered":"Comment mesurer votre tour de t\u00eate"},"content":{"rendered":"<p>[et_pb_section fb_built=&#8221;1&#8243; module_class=&#8221;cs-hero&#8221; _builder_version=&#8221;4.17.4&#8243; _module_preset=&#8221;default&#8221; background_color=&#8221;gcid-4ebcc4c3-0167-4535-a2b3-fd702b52ed71&#8243; custom_margin=&#8221;||0px||false|false&#8221; custom_padding=&#8221;||0px||false|false&#8221; global_colors_info=&#8221;{%22gcid-4ebcc4c3-0167-4535-a2b3-fd702b52ed71%22:%91%22background_color%22%93}&#8221;][et_pb_row admin_label=&#8221;Heading Row&#8221; _builder_version=&#8221;4.17.4&#8243; _module_preset=&#8221;default&#8221; background_color=&#8221;gcid-beaf7894-3477-417d-a21d-19c38af28ccf&#8221; width=&#8221;100%&#8221; max_width=&#8221;100vw&#8221; custom_margin=&#8221;15vh||||false|false&#8221; global_colors_info=&#8221;{%22gcid-beaf7894-3477-417d-a21d-19c38af28ccf%22:%91%22background_color%22%93}&#8221;][et_pb_column type=&#8221;4_4&#8243; _builder_version=&#8221;4.17.4&#8243; _module_preset=&#8221;default&#8221; global_colors_info=&#8221;{}&#8221;][et_pb_text _builder_version=&#8221;4.17.4&#8243; _module_preset=&#8221;default&#8221; header_font=&#8221;||||||||&#8221; header_text_align=&#8221;center&#8221; max_width=&#8221;80%&#8221; module_alignment=&#8221;center&#8221; header_font_size_tablet=&#8221;&#8221; header_font_size_phone=&#8221;48px&#8221; header_font_size_last_edited=&#8221;on|phone&#8221; global_colors_info=&#8221;{}&#8221;]<\/p>\n<h1>Comment mesurer votre tour de t\u00eate<\/h1>\n<p>[\/et_pb_text][\/et_pb_column][\/et_pb_row][et_pb_row _builder_version=&#8221;4.17.4&#8243; _module_preset=&#8221;default&#8221; custom_margin=&#8221;0px||||false|false&#8221; custom_margin_tablet=&#8221;15vh||||false|false&#8221; custom_margin_phone=&#8221;10vh||||false|false&#8221; custom_margin_last_edited=&#8221;on|phone&#8221; global_colors_info=&#8221;{}&#8221;][et_pb_column type=&#8221;4_4&#8243; _builder_version=&#8221;4.17.4&#8243; _module_preset=&#8221;default&#8221; global_colors_info=&#8221;{}&#8221;][et_pb_text _builder_version=&#8221;4.18.0&#8243; _module_preset=&#8221;default&#8221; text_orientation=&#8221;center&#8221; max_width=&#8221;800px&#8221; module_alignment=&#8221;center&#8221; hover_enabled=&#8221;0&#8243; global_colors_info=&#8221;{}&#8221; sticky_enabled=&#8221;0&#8243;]<\/p>\n<p>Cette section vous montrera comment mesurer votre tour de t\u00eate pour vos perruques lace front color\u00e9es sur mesure.<\/p>\n<p>La seule mesure dont nous avons besoin pour votre perruque est le tour de t\u00eate.\nNous utilisons cette mesure pour d\u00e9terminer la taille de bonnet appropri\u00e9e : Extra Small, Small, Medium, Large ou Extra Large.<\/p>\n<p>Nous aimons conna\u00eetre cela, car par exemple, si quelqu\u2019un a un tour de t\u00eate de 22 pouces mais des cheveux tr\u00e8s \u00e9pais, nous choisirons probablement une taille de bonnet plus grande pour plus de confort.<\/p>\n<p>Ci-dessous, vous trouverez une image montrant comment mesurer correctement votre t\u00eate.<\/p>\n<p>[\/et_pb_text][et_pb_image src=&#8221;https:\/\/missmamawigs.com\/wp-content\/uploads\/2022\/07\/MessureHead.webp&#8221; title_text=&#8221;MessureHead&#8221; align=&#8221;center&#8221; _builder_version=&#8221;4.17.4&#8243; _module_preset=&#8221;default&#8221; max_width=&#8221;800px&#8221; module_alignment=&#8221;center&#8221; global_colors_info=&#8221;{}&#8221;][\/et_pb_image][\/et_pb_column][\/et_pb_row][et_pb_row module_class=&#8221;cs-product-global-carousel&#8221; _builder_version=&#8221;4.17.4&#8243; _module_preset=&#8221;default&#8221; global_colors_info=&#8221;{}&#8221;][et_pb_column type=&#8221;4_4&#8243; _builder_version=&#8221;4.17.4&#8243; _module_preset=&#8221;default&#8221; global_colors_info=&#8221;{}&#8221;][dipl_separator use_with=&#8221;text&#8221; seprator_thickness=&#8221;1px&#8221; separator_color=&#8221;gcid-ce2cae7c-578c-4edf-934f-0a952a6feedf&#8221; _builder_version=&#8221;4.17.4&#8243; _module_preset=&#8221;default&#8221; title_level=&#8221;h2&#8243; title_font_size=&#8221;48px&#8221; body_text_align=&#8221;center&#8221; title_font_size_tablet=&#8221;48px&#8221; title_font_size_phone=&#8221;32px&#8221; title_font_size_last_edited=&#8221;on|phone&#8221; global_colors_info=&#8221;{%22gcid-ce2cae7c-578c-4edf-934f-0a952a6feedf%22:%91%22separator_color%22%93}&#8221;]<\/p>\n<h2>Produits les plus populaires<\/h2>\n<p>[\/dipl_separator][et_pb_de_mach_carousel post_type_choose=&#8221;product&#8221; loop_layout=&#8221;153&#8243; posts_number_desktop=&#8221;4&#8243; posts_number_tablet=&#8221;3&#8243; left_icon=&#8221;&#x23;||divi||400&#8243; right_icon=&#8221;&#x24;||divi||400&#8243; arrows_color=&#8221;gcid-ce2cae7c-578c-4edf-934f-0a952a6feedf&#8221; autoplay_speed=&#8221;5000&#8243; infinate=&#8221;on&#8221; equal_height=&#8221;on&#8221; link_whole_gird=&#8221;on&#8221; align_last_bottom=&#8221;on&#8221; _builder_version=&#8221;4.17.4&#8243; _module_preset=&#8221;default&#8221; global_colors_info=&#8221;{%22gcid-ce2cae7c-578c-4edf-934f-0a952a6feedf%22:%91%22arrows_color%22,%22dot_color%22%93,%22gcid-beaf7894-3477-417d-a21d-19c38af28ccf%22:%91%22dot_color_active%22%93}&#8221;][\/et_pb_de_mach_carousel][dipl_button _builder_version=&#8221;4.17.4&#8243; _module_preset=&#8221;default&#8221; global_colors_info=&#8221;{}&#8221;][dipl_button_item button_text=&#8221;Shop now&#8221; button_url=&#8221;@ET-DC@eyJkeW5hbWljIjp0cnVlLCJjb250ZW50IjoicG9zdF9saW5rX3VybF9wYWdlIiwic2V0dGluZ3MiOnsicG9zdF9pZCI6IjExIn19@&#8221; background_fill_style=&#8221;vertical_shutter_fill&#8221; button_bg_color=&#8221;gcid-ce2cae7c-578c-4edf-934f-0a952a6feedf&#8221; button_alignment=&#8221;center&#8221; button_custom_padding=&#8221;|2rem||2rem|false|true&#8221; _builder_version=&#8221;4.17.4&#8243; _dynamic_attributes=&#8221;button_url&#8221; _module_preset=&#8221;default&#8221; button_font=&#8221;|700|||||||&#8221; button_text_color=&#8221;gcid-fc149eda-5efe-4f6f-9cff-5836ede9e74f&#8221; button_font_size=&#8221;16px&#8221; text_orientation=&#8221;center&#8221; border_width_all=&#8221;3px&#8221; border_color_all=&#8221;gcid-ce2cae7c-578c-4edf-934f-0a952a6feedf&#8221; global_colors_info=&#8221;{%22gcid-ce2cae7c-578c-4edf-934f-0a952a6feedf%22:%91%22button_bg_color%22,%22button_text_color__hover%22,%22border_color_all%22%93,%22gcid-beaf7894-3477-417d-a21d-19c38af28ccf%22:%91%22button_bg_color__hover%22%93,%22gcid-fc149eda-5efe-4f6f-9cff-5836ede9e74f%22:%91%22button_text_color%22%93}&#8221; button_bg_color__hover_enabled=&#8221;on|hover&#8221; button_bg_color__hover=&#8221;#b4ff00&#8243; button_bg_enable_color__hover=&#8221;on&#8221; button_text_color__hover_enabled=&#8221;on|hover&#8221; button_text_color__hover=&#8221;#000000&#8243;][\/dipl_button_item][\/dipl_button][\/et_pb_column][\/et_pb_row][\/et_pb_section]<\/p>","protected":false},"excerpt":{"rendered":"<p>How to measure your headThis section will show you how to measure your head circumference for you custom colour lace front wigs. The only measurement we need for your wig is head circumference measurement. We use this measurement to work out which cap size to use for your wig. This includes, extra small, small, medium, [&hellip;]<\/p>","protected":false},"author":1,"featured_media":0,"parent":0,"menu_order":0,"comment_status":"closed","ping_status":"closed","template":"","meta":{"_acf_changed":false,"_et_pb_use_builder":"on","_et_pb_old_content":"","_et_gb_content_width":"","_monsterinsights_skip_tracking":false,"_monsterinsights_sitenote_active":false,"_monsterinsights_sitenote_note":"","_monsterinsights_sitenote_category":0,"footnotes":""},"class_list":["post-616","page","type-page","status-publish","hentry"],"acf":[],"_links":{"self":[{"href":"https:\/\/missmamawigs.com\/fr\/wp-json\/wp\/v2\/pages\/616","targetHints":{"allow":["GET"]}}],"collection":[{"href":"https:\/\/missmamawigs.com\/fr\/wp-json\/wp\/v2\/pages"}],"about":[{"href":"https:\/\/missmamawigs.com\/fr\/wp-json\/wp\/v2\/types\/page"}],"author":[{"embeddable":true,"href":"https:\/\/missmamawigs.com\/fr\/wp-json\/wp\/v2\/users\/1"}],"replies":[{"embeddable":true,"href":"https:\/\/missmamawigs.com\/fr\/wp-json\/wp\/v2\/comments?post=616"}],"version-history":[{"count":7,"href":"https:\/\/missmamawigs.com\/fr\/wp-json\/wp\/v2\/pages\/616\/revisions"}],"predecessor-version":[{"id":1207,"href":"https:\/\/missmamawigs.com\/fr\/wp-json\/wp\/v2\/pages\/616\/revisions\/1207"}],"wp:attachment":[{"href":"https:\/\/missmamawigs.com\/fr\/wp-json\/wp\/v2\/media?parent=616"}],"curies":[{"name":"wp","href":"https:\/\/api.w.org\/{rel}","templated":true}]}}