{"id":638,"date":"2022-07-13T15:22:22","date_gmt":"2022-07-13T15:22:22","guid":{"rendered":"https:\/\/missmamawigs.com\/?page_id=638"},"modified":"2023-12-01T08:30:29","modified_gmt":"2023-12-01T08:30:29","slug":"how-to-care-for-your-wigs","status":"publish","type":"page","link":"https:\/\/missmamawigs.com\/fr\/how-to-care-for-your-wigs\/","title":{"rendered":"HOW TO CARE FOR YOUR WIGS"},"content":{"rendered":"<p>[et_pb_section fb_built=&#8221;1&#8243; module_class=&#8221;cs-hero&#8221; _builder_version=&#8221;4.17.4&#8243; _module_preset=&#8221;default&#8221; background_color=&#8221;gcid-4ebcc4c3-0167-4535-a2b3-fd702b52ed71&#8243; custom_margin=&#8221;||0px||false|false&#8221; custom_padding=&#8221;||0px||false|false&#8221; global_colors_info=&#8221;{%22gcid-4ebcc4c3-0167-4535-a2b3-fd702b52ed71%22:%91%22background_color%22%93}&#8221;][et_pb_row admin_label=&#8221;Heading Row&#8221; _builder_version=&#8221;4.17.4&#8243; _module_preset=&#8221;default&#8221; background_color=&#8221;gcid-beaf7894-3477-417d-a21d-19c38af28ccf&#8221; width=&#8221;100%&#8221; max_width=&#8221;100vw&#8221; custom_margin=&#8221;15vh||||false|false&#8221; global_colors_info=&#8221;{%22gcid-beaf7894-3477-417d-a21d-19c38af28ccf%22:%91%22background_color%22%93}&#8221;][et_pb_column type=&#8221;4_4&#8243; _builder_version=&#8221;4.17.4&#8243; _module_preset=&#8221;default&#8221; global_colors_info=&#8221;{}&#8221;][et_pb_text _builder_version=&#8221;4.17.4&#8243; _module_preset=&#8221;default&#8221; header_font=&#8221;||||||||&#8221; header_text_align=&#8221;center&#8221; max_width=&#8221;80%&#8221; module_alignment=&#8221;center&#8221; header_font_size_tablet=&#8221;&#8221; header_font_size_phone=&#8221;48px&#8221; header_font_size_last_edited=&#8221;on|phone&#8221; global_colors_info=&#8221;{}&#8221;]<\/p>\n<h1>Comment entretenir vos perruques<\/h1>\n<p>[\/et_pb_text][\/et_pb_column][\/et_pb_row][et_pb_row _builder_version=&#8221;4.17.4&#8243; _module_preset=&#8221;default&#8221; custom_margin=&#8221;0px||||false|false&#8221; custom_margin_tablet=&#8221;15vh||||false|false&#8221; custom_margin_phone=&#8221;10vh||||false|false&#8221; custom_margin_last_edited=&#8221;on|phone&#8221; global_colors_info=&#8221;{}&#8221;][et_pb_column type=&#8221;4_4&#8243; _builder_version=&#8221;4.17.4&#8243; _module_preset=&#8221;default&#8221; global_colors_info=&#8221;{}&#8221;][et_pb_text _builder_version=&#8221;4.23.1&#8243; _module_preset=&#8221;default&#8221; text_orientation=&#8221;center&#8221; max_width=&#8221;800px&#8221; module_alignment=&#8221;center&#8221; global_colors_info=&#8221;{}&#8221;]<\/p>\n<p>Vous d\u00e9testez vous laver les cheveux chaque semaine ? Eh bien, devinez quoi\u2026 Les perruques en cheveux naturels sont justement con\u00e7ues pour ne pas \u00eatre lav\u00e9es r\u00e9guli\u00e8rement. Nous recommandons tous les 3 \u00e0 4 semaines.<\/p>\n<p>[\/et_pb_text][et_pb_text _builder_version=&#8221;4.17.4&#8243; _module_preset=&#8221;default&#8221; text_orientation=&#8221;center&#8221; max_width=&#8221;800px&#8221; module_alignment=&#8221;center&#8221; global_colors_info=&#8221;{}&#8221;]<\/p>\n<p>Vous devez investir dans un bon shampoing et apr\u00e8s-shampoing sans sulfates pour prendre soin de vos perruques en dentelle color\u00e9es sur mesure. Nous recommandons des marques comme Pureology Hydrating Shampoo &amp; Conditioner ou Osmo Shampoo and Conditioner.<\/p>\n<p>[\/et_pb_text][et_pb_text _builder_version=&#8221;4.17.4&#8243; _module_preset=&#8221;default&#8221; text_orientation=&#8221;center&#8221; max_width=&#8221;800px&#8221; module_alignment=&#8221;center&#8221; global_colors_info=&#8221;{}&#8221;]<\/p>\n<p><span>Apr\u00e8s le shampoing, un masque profond est aussi une tr\u00e8s bonne id\u00e9e. Parmi les meilleurs : Osmo Deep Hydration Mask, Bleach London Reincarnation Mask et Moroccan Oil Restoration Mask.\u00a0<\/span><\/p>\n<p>[\/et_pb_text][et_pb_text _builder_version=&#8221;4.17.4&#8243; _module_preset=&#8221;default&#8221; text_orientation=&#8221;center&#8221; max_width=&#8221;800px&#8221; module_alignment=&#8221;center&#8221; global_colors_info=&#8221;{}&#8221;]<\/p>\n<p><span>Pour encore plus de soin, vous pouvez ajouter du traitement Avanti Silicon Mix \u00e0 votre masque capillaire.\u00a0<\/span><\/p>\n<p>[\/et_pb_text][\/et_pb_column][\/et_pb_row][et_pb_row _builder_version=&#8221;4.17.4&#8243; _module_preset=&#8221;default&#8221; global_colors_info=&#8221;{}&#8221;][et_pb_column type=&#8221;4_4&#8243; _builder_version=&#8221;4.17.4&#8243; _module_preset=&#8221;default&#8221; global_colors_info=&#8221;{}&#8221;][dipl_separator use_with=&#8221;text&#8221; seprator_thickness=&#8221;1px&#8221; separator_color=&#8221;gcid-ce2cae7c-578c-4edf-934f-0a952a6feedf&#8221; _builder_version=&#8221;4.17.4&#8243; _module_preset=&#8221;default&#8221; title_level=&#8221;h2&#8243; title_font_size=&#8221;48px&#8221; body_text_align=&#8221;center&#8221; title_font_size_tablet=&#8221;48px&#8221; title_font_size_phone=&#8221;32px&#8221; title_font_size_last_edited=&#8221;on|phone&#8221; global_colors_info=&#8221;{%22gcid-ce2cae7c-578c-4edf-934f-0a952a6feedf%22:%91%22separator_color%22%93}&#8221;]<\/p>\n<h2>Guide de lavage de votre perruque<\/h2>\n<p>[\/dipl_separator][dipl_timeline global_timeline_icon_color=&#8221;gcid-fc149eda-5efe-4f6f-9cff-5836ede9e74f&#8221; global_icon_fill_color=&#8221;gcid-beaf7894-3477-417d-a21d-19c38af28ccf&#8221; global_icon_shape=&#8221;use_circle&#8221; global_icon_shape_color=&#8221;gcid-ce2cae7c-578c-4edf-934f-0a952a6feedf&#8221; global_item_image_size=&#8221;64px&#8221; timeline_bar_size=&#8221;3px&#8221; timeline_bar_color=&#8221;gcid-ce2cae7c-578c-4edf-934f-0a952a6feedf&#8221; timeline_bar_fill_color=&#8221;gcid-beaf7894-3477-417d-a21d-19c38af28ccf&#8221; _builder_version=&#8221;4.18.0&#8243; _module_preset=&#8221;default&#8221; global_timeline_header_font=&#8221;Montserrat|800|||||||&#8221; global_timeline_header_font_size=&#8221;32px&#8221; background_color=&#8221;RGBA(255,255,255,0)&#8221; global_colors_info=&#8221;{%22gcid-beaf7894-3477-417d-a21d-19c38af28ccf%22:%91%22timeline_bar_fill_color%22,%22global_icon_fill_color%22%93,%22gcid-ce2cae7c-578c-4edf-934f-0a952a6feedf%22:%91%22timeline_bar_color%22,%22global_icon_shape_color%22%93,%22gcid-fc149eda-5efe-4f6f-9cff-5836ede9e74f%22:%91%22global_timeline_icon_color%22%93}&#8221;][dipl_timeline_item timeline_title=&#8221;Warm water wash&#8221; use_timeline_icon=&#8221;on&#8221; select_timeline_icon=&#8221;&#x4e;||divi||400&#8243; _builder_version=&#8221;4.17.4&#8243; _module_preset=&#8221;default&#8221; background_color=&#8221;gcid-4ebcc4c3-0167-4535-a2b3-fd702b52ed71&#8243; background_enable_color=&#8221;on&#8221; border_width_all=&#8221;3px&#8221; border_color_all=&#8221;gcid-ce2cae7c-578c-4edf-934f-0a952a6feedf&#8221; global_colors_info=&#8221;{%22gcid-ce2cae7c-578c-4edf-934f-0a952a6feedf%22:%91%22border_color_all%22%93,%22gcid-4ebcc4c3-0167-4535-a2b3-fd702b52ed71%22:%91%22background_color%22%93}&#8221;]<\/p>\n<p>Passez la perruque sous l\u2019eau ti\u00e8de. Appliquez le shampoing dans le sens des cheveux avec les doigts, puis rincez.<\/p>\n<p>[\/dipl_timeline_item][dipl_timeline_item timeline_title=&#8221;Cold water wash&#8221; use_timeline_icon=&#8221;on&#8221; select_timeline_icon=&#8221;&#x4e;||divi||400&#8243; _builder_version=&#8221;4.17.4&#8243; _module_preset=&#8221;default&#8221; background_color=&#8221;gcid-4ebcc4c3-0167-4535-a2b3-fd702b52ed71&#8243; background_enable_color=&#8221;on&#8221; border_width_all=&#8221;3px&#8221; border_color_all=&#8221;gcid-ce2cae7c-578c-4edf-934f-0a952a6feedf&#8221; global_colors_info=&#8221;{%22gcid-ce2cae7c-578c-4edf-934f-0a952a6feedf%22:%91%22border_color_all%22%93,%22gcid-4ebcc4c3-0167-4535-a2b3-fd702b52ed71%22:%91%22background_color%22%93,%22gcid-3e4b54b0-decc-4b3a-89c5-d7865f649ddd%22:%91%22background_color%22%93}&#8221;]<\/p>\n<p><span>Faites de m\u00eame avec l\u2019apr\u00e8s-shampoing, mais cette fois avec de l\u2019eau froide.\u00a0<\/span><\/p>\n<p>[\/dipl_timeline_item][dipl_timeline_item timeline_title=&#8221;Silicon mix treatment&#8221; use_timeline_icon=&#8221;on&#8221; select_timeline_icon=&#8221;&#x4e;||divi||400&#8243; _builder_version=&#8221;4.17.4&#8243; _module_preset=&#8221;default&#8221; background_color=&#8221;gcid-4ebcc4c3-0167-4535-a2b3-fd702b52ed71&#8243; background_enable_color=&#8221;on&#8221; border_width_all=&#8221;3px&#8221; border_color_all=&#8221;gcid-ce2cae7c-578c-4edf-934f-0a952a6feedf&#8221; global_colors_info=&#8221;{%22gcid-ce2cae7c-578c-4edf-934f-0a952a6feedf%22:%91%22border_color_all%22%93,%22gcid-4ebcc4c3-0167-4535-a2b3-fd702b52ed71%22:%91%22background_color%22%93,%22gcid-3e4b54b0-decc-4b3a-89c5-d7865f649ddd%22:%91%22background_color%22,%22background_color%22,%22background_color%22%93}&#8221;]<\/p>\n<p>Appliquez le masque en profondeur dans le sens des cheveux, puis ajoutez le traitement Silicon Mix. Passez les doigts \u00e0 travers les cheveux pour bien r\u00e9partir.<\/p>\n<p>[\/dipl_timeline_item][dipl_timeline_item timeline_title=&#8221;Conditioning mask&#8221; use_timeline_icon=&#8221;on&#8221; select_timeline_icon=&#8221;&#x4e;||divi||400&#8243; _builder_version=&#8221;4.17.4&#8243; _module_preset=&#8221;default&#8221; background_color=&#8221;gcid-4ebcc4c3-0167-4535-a2b3-fd702b52ed71&#8243; background_enable_color=&#8221;on&#8221; border_width_all=&#8221;3px&#8221; border_color_all=&#8221;gcid-ce2cae7c-578c-4edf-934f-0a952a6feedf&#8221; global_colors_info=&#8221;{%22gcid-ce2cae7c-578c-4edf-934f-0a952a6feedf%22:%91%22border_color_all%22%93,%22gcid-4ebcc4c3-0167-4535-a2b3-fd702b52ed71%22:%91%22background_color%22%93,%22gcid-3e4b54b0-decc-4b3a-89c5-d7865f649ddd%22:%91%22background_color%22%93}&#8221;]<\/p>\n<p>Laissez poser le masque pendant 1 heure. Plus longtemps si possible.<\/p>\n<p>[\/dipl_timeline_item][dipl_timeline_item timeline_title=&#8221;Rinse conditioning mask&#8221; use_timeline_icon=&#8221;on&#8221; select_timeline_icon=&#8221;&#x4e;||divi||400&#8243; _builder_version=&#8221;4.17.4&#8243; _module_preset=&#8221;default&#8221; background_color=&#8221;gcid-4ebcc4c3-0167-4535-a2b3-fd702b52ed71&#8243; background_enable_color=&#8221;on&#8221; border_width_all=&#8221;3px&#8221; border_color_all=&#8221;gcid-ce2cae7c-578c-4edf-934f-0a952a6feedf&#8221; global_colors_info=&#8221;{%22gcid-ce2cae7c-578c-4edf-934f-0a952a6feedf%22:%91%22border_color_all%22%93,%22gcid-4ebcc4c3-0167-4535-a2b3-fd702b52ed71%22:%91%22background_color%22%93,%22gcid-3e4b54b0-decc-4b3a-89c5-d7865f649ddd%22:%91%22background_color%22%93}&#8221;]<\/p>\n<p><span>Rincez le masque \u00e0 l\u2019eau froide.\u00a0<\/span><\/p>\n<p>[\/dipl_timeline_item][dipl_timeline_item timeline_title=&#8221;Air drying&#8221; use_timeline_icon=&#8221;on&#8221; select_timeline_icon=&#8221;&#x4e;||divi||400&#8243; _builder_version=&#8221;4.18.0&#8243; _module_preset=&#8221;default&#8221; background_color=&#8221;gcid-4ebcc4c3-0167-4535-a2b3-fd702b52ed71&#8243; background_enable_color=&#8221;on&#8221; border_width_all=&#8221;3px&#8221; border_color_all=&#8221;gcid-ce2cae7c-578c-4edf-934f-0a952a6feedf&#8221; global_colors_info=&#8221;{%22gcid-ce2cae7c-578c-4edf-934f-0a952a6feedf%22:%91%22border_color_all%22%93,%22gcid-4ebcc4c3-0167-4535-a2b3-fd702b52ed71%22:%91%22background_color%22%93,%22gcid-3e4b54b0-decc-4b3a-89c5-d7865f649ddd%22:%91%22background_color%22%93}&#8221;]<\/p>\n<p class=\"translation-block\">Apr\u00e8s avoir tapot\u00e9 doucement les cheveux avec une serviette, appliquez une petite quantit\u00e9 de K\u00e9rastase Nutritive Nectar Thermique et du s\u00e9rum Moroccan Oil. Laissez s\u00e9cher \u00e0 l\u2019air libre. Ensuite, vous pouvez r\u00e9appliquer une petite dose de produit et coiffer \u00e0 votre go\u00fbt.<\/p>\n<p>[\/dipl_timeline_item][\/dipl_timeline][dipl_separator seprator_thickness=&#8221;1px&#8221; separator_color=&#8221;gcid-ce2cae7c-578c-4edf-934f-0a952a6feedf&#8221; _builder_version=&#8221;4.17.4&#8243; _module_preset=&#8221;default&#8221; global_colors_info=&#8221;{%22gcid-ce2cae7c-578c-4edf-934f-0a952a6feedf%22:%91%22separator_color%22%93}&#8221;][\/dipl_separator][\/et_pb_column][\/et_pb_row][et_pb_row column_structure=&#8221;1_2,1_2&#8243; _builder_version=&#8221;4.17.4&#8243; _module_preset=&#8221;default&#8221; global_colors_info=&#8221;{}&#8221;][et_pb_column type=&#8221;1_2&#8243; _builder_version=&#8221;4.17.4&#8243; _module_preset=&#8221;default&#8221; global_colors_info=&#8221;{}&#8221;][et_pb_text _builder_version=&#8221;4.17.4&#8243; _module_preset=&#8221;default&#8221; header_3_text_color=&#8221;gcid-ce2cae7c-578c-4edf-934f-0a952a6feedf&#8221; header_3_font_size=&#8221;32px&#8221; custom_margin=&#8221;||1rem||false|false&#8221; global_colors_info=&#8221;{%22gcid-ce2cae7c-578c-4edf-934f-0a952a6feedf%22:%91%22header_3_text_color%22%93}&#8221;]<\/p>\n<h3>Produits pour l\u2019entretien des perruques :<\/h3>\n<p>[\/et_pb_text][et_pb_text _builder_version=&#8221;4.23.1&#8243; _module_preset=&#8221;default&#8221; custom_margin=&#8221;||1rem||false|false&#8221; hover_enabled=&#8221;0&#8243; global_colors_info=&#8221;{}&#8221; sticky_enabled=&#8221;0&#8243;]<\/p>\n<ul class=\"cs-main-list\">\n<li><span>Shampoing et apr\u00e8s-shampoing hydratants Pureology<\/span><\/li>\n<li><span>Masque revitalisant Osmo Deep Conditioner<\/span><\/li>\n<li><span>Traitement profond Avanti Silicon Mix<\/span><\/li>\n<li><span>S\u00e9rum leave-in Moroccan Oil<\/span><\/li>\n<li><span>K\u00e9rastase Nutritive Nectar Thermique (protection thermique)<\/span><\/li>\n<li><span>Ne laissez pas le shampoing ou l'apr\u00e8s-shampoing trop saturer la dentelle (lace).<\/span><\/li>\n<li><span>Assurez-vous que tous les produits sont bien rinc\u00e9s, car des r\u00e9sidus peuvent provoquer de la casse ou de la perte de cheveux dans la zone lace.<\/span><\/li>\n<li><span>Il est d\u00e9conseill\u00e9 de laisser la perruque sans lavage pendant plus de 6 \u00e0 8 semaines. Un bon entretien est essentiel.<\/span><\/li>\n<\/ul>\n<p>[\/et_pb_text][et_pb_text _builder_version=&#8221;4.17.4&#8243; _module_preset=&#8221;default&#8221; text_font=&#8221;|600|on||||||&#8221; text_text_color=&#8221;gcid-ce2cae7c-578c-4edf-934f-0a952a6feedf&#8221; global_colors_info=&#8221;{%22gcid-ce2cae7c-578c-4edf-934f-0a952a6feedf%22:%91%22text_text_color%22%93}&#8221;]<\/p>\n<p>Pour les textures boucl\u00e9es ou cr\u00e9pues, utilisez les produits ci-dessus et pensez \u00e0 investir dans une mousse coiffante l\u00e9g\u00e8re. Curlsmith ou Shea Moisture sont de bonnes marques.<\/p>\n<p>[\/et_pb_text][\/et_pb_column][et_pb_column type=&#8221;1_2&#8243; _builder_version=&#8221;4.17.4&#8243; _module_preset=&#8221;default&#8221; global_colors_info=&#8221;{}&#8221;][et_pb_text _builder_version=&#8221;4.17.4&#8243; _module_preset=&#8221;default&#8221; header_3_text_color=&#8221;gcid-ce2cae7c-578c-4edf-934f-0a952a6feedf&#8221; header_3_font_size=&#8221;32px&#8221; custom_margin=&#8221;||1rem||false|false&#8221; global_colors_info=&#8221;{%22gcid-ce2cae7c-578c-4edf-934f-0a952a6feedf%22:%91%22header_3_text_color%22,%22header_3_text_color%22%93}&#8221;]<\/p>\n<h3>Astuces cl\u00e9s :<\/h3>\n<p>[\/et_pb_text][et_pb_text _builder_version=&#8221;4.17.4&#8243; _module_preset=&#8221;default&#8221; global_colors_info=&#8221;{}&#8221;]<\/p>\n<ul class=\"cs-main-list\">\n<li><span>Utilisez une chaleur basse lors du coiffage. Ne d\u00e9passez pas 150 \u00b0C.<\/span><\/li>\n<li><span>L\u2019huile ne doit pas \u00eatre utilis\u00e9e tous les jours. Utilisez-la apr\u00e8s le lavage ou en cas de pointes s\u00e8ches \u2013 ce qui peut arriver surtout avec les perruques blondes.<\/span><\/li>\n<li><span>Investir dans de bons produits capillaires est essentiel pour prolonger la dur\u00e9e de vie des perruques en cheveux humains.<\/span><\/li>\n<li><span>Utilisez un peigne \u00e0 dents larges pour le lavage si n\u00e9cessaire.<\/span><\/li>\n<li><span>Pour coiffer, utilisez une brosse douce et \u00e9vitez de brosser excessivement \u2013 ce n\u2019est pas utile.<\/span><\/li>\n<\/ul>\n<p>[\/et_pb_text][\/et_pb_column][\/et_pb_row][et_pb_row module_class=&#8221;cs-product-global-carousel&#8221; _builder_version=&#8221;4.17.4&#8243; _module_preset=&#8221;default&#8221; global_colors_info=&#8221;{}&#8221;][et_pb_column type=&#8221;4_4&#8243; _builder_version=&#8221;4.17.4&#8243; _module_preset=&#8221;default&#8221; global_colors_info=&#8221;{}&#8221;][dipl_separator use_with=&#8221;text&#8221; seprator_thickness=&#8221;1px&#8221; separator_color=&#8221;gcid-ce2cae7c-578c-4edf-934f-0a952a6feedf&#8221; _builder_version=&#8221;4.17.4&#8243; _module_preset=&#8221;default&#8221; title_level=&#8221;h2&#8243; title_font_size=&#8221;48px&#8221; body_text_align=&#8221;center&#8221; title_font_size_tablet=&#8221;48px&#8221; title_font_size_phone=&#8221;32px&#8221; title_font_size_last_edited=&#8221;on|phone&#8221; global_colors_info=&#8221;{%22gcid-ce2cae7c-578c-4edf-934f-0a952a6feedf%22:%91%22separator_color%22%93}&#8221;]<\/p>\n<h2>Produits les plus populaires<\/h2>\n<p>[\/dipl_separator][et_pb_de_mach_carousel post_type_choose=&#8221;product&#8221; loop_layout=&#8221;153&#8243; posts_number_desktop=&#8221;4&#8243; posts_number_tablet=&#8221;3&#8243; autoplay_speed=&#8221;5000&#8243; infinate=&#8221;on&#8221; equal_height=&#8221;on&#8221; link_whole_gird=&#8221;on&#8221; align_last_bottom=&#8221;on&#8221; left_icon=&#8221;&#x23;||divi||400&#8243; right_icon=&#8221;&#x24;||divi||400&#8243; arrows_color=&#8221;gcid-ce2cae7c-578c-4edf-934f-0a952a6feedf&#8221; _builder_version=&#8221;4.17.4&#8243; _module_preset=&#8221;default&#8221; global_colors_info=&#8221;{%22gcid-ce2cae7c-578c-4edf-934f-0a952a6feedf%22:%91%22arrows_color%22,%22dot_color%22%93,%22gcid-beaf7894-3477-417d-a21d-19c38af28ccf%22:%91%22dot_color_active%22%93}&#8221;][\/et_pb_de_mach_carousel][dipl_button _builder_version=&#8221;4.17.4&#8243; _module_preset=&#8221;default&#8221; custom_margin=&#8221;1rem||||false|false&#8221; global_colors_info=&#8221;{}&#8221;][dipl_button_item button_text=&#8221;Shop now&#8221; button_url=&#8221;@ET-DC@eyJkeW5hbWljIjp0cnVlLCJjb250ZW50IjoicG9zdF9saW5rX3VybF9wYWdlIiwic2V0dGluZ3MiOnsicG9zdF9pZCI6IjExIn19@&#8221; background_fill_style=&#8221;vertical_shutter_fill&#8221; button_bg_color=&#8221;gcid-ce2cae7c-578c-4edf-934f-0a952a6feedf&#8221; button_alignment=&#8221;center&#8221; button_custom_padding=&#8221;|2rem||2rem|false|true&#8221; _builder_version=&#8221;4.17.4&#8243; _dynamic_attributes=&#8221;button_url&#8221; _module_preset=&#8221;default&#8221; button_font=&#8221;|700|||||||&#8221; button_text_color=&#8221;gcid-fc149eda-5efe-4f6f-9cff-5836ede9e74f&#8221; button_font_size=&#8221;16px&#8221; text_orientation=&#8221;center&#8221; border_width_all=&#8221;3px&#8221; border_color_all=&#8221;gcid-ce2cae7c-578c-4edf-934f-0a952a6feedf&#8221; global_colors_info=&#8221;{%22gcid-ce2cae7c-578c-4edf-934f-0a952a6feedf%22:%91%22button_bg_color%22,%22button_text_color__hover%22,%22border_color_all%22%93,%22gcid-beaf7894-3477-417d-a21d-19c38af28ccf%22:%91%22button_bg_color__hover%22%93,%22gcid-fc149eda-5efe-4f6f-9cff-5836ede9e74f%22:%91%22button_text_color%22%93}&#8221; button_bg_color__hover_enabled=&#8221;on|hover&#8221; button_bg_color__hover=&#8221;#b4ff00&#8243; button_bg_enable_color__hover=&#8221;on&#8221; button_text_color__hover_enabled=&#8221;on|hover&#8221; button_text_color__hover=&#8221;#000000&#8243;][\/dipl_button_item][\/dipl_button][\/et_pb_column][\/et_pb_row][\/et_pb_section]<\/p>","protected":false},"excerpt":{"rendered":"<p>How to care for your wigsHate washing your hair every week? Well guess what&#8230; human hair wigs actually are designed to NOT be washed regularly. We recommend every 3-4 weeks.You will need to invest in good quality non-sulphate shampoo and conditioner, if you are to correctly look after your custom colour lace front wigs. We [&hellip;]<\/p>","protected":false},"author":1,"featured_media":0,"parent":0,"menu_order":0,"comment_status":"closed","ping_status":"closed","template":"","meta":{"_acf_changed":false,"_et_pb_use_builder":"on","_et_pb_old_content":"","_et_gb_content_width":"","_monsterinsights_skip_tracking":false,"_monsterinsights_sitenote_active":false,"_monsterinsights_sitenote_note":"","_monsterinsights_sitenote_category":0,"footnotes":""},"class_list":["post-638","page","type-page","status-publish","hentry"],"acf":[],"_links":{"self":[{"href":"https:\/\/missmamawigs.com\/fr\/wp-json\/wp\/v2\/pages\/638","targetHints":{"allow":["GET"]}}],"collection":[{"href":"https:\/\/missmamawigs.com\/fr\/wp-json\/wp\/v2\/pages"}],"about":[{"href":"https:\/\/missmamawigs.com\/fr\/wp-json\/wp\/v2\/types\/page"}],"author":[{"embeddable":true,"href":"https:\/\/missmamawigs.com\/fr\/wp-json\/wp\/v2\/users\/1"}],"replies":[{"embeddable":true,"href":"https:\/\/missmamawigs.com\/fr\/wp-json\/wp\/v2\/comments?post=638"}],"version-history":[{"count":14,"href":"https:\/\/missmamawigs.com\/fr\/wp-json\/wp\/v2\/pages\/638\/revisions"}],"predecessor-version":[{"id":2048,"href":"https:\/\/missmamawigs.com\/fr\/wp-json\/wp\/v2\/pages\/638\/revisions\/2048"}],"wp:attachment":[{"href":"https:\/\/missmamawigs.com\/fr\/wp-json\/wp\/v2\/media?parent=638"}],"curies":[{"name":"wp","href":"https:\/\/api.w.org\/{rel}","templated":true}]}}